{"id":93230,"date":"2025-02-21T15:27:01","date_gmt":"2025-02-21T15:27:01","guid":{"rendered":"https:\/\/scramblestuff.com\/eu\/p\/dorai-training-top-violet-et-jaune\/"},"modified":"2025-03-19T21:06:31","modified_gmt":"2025-03-19T21:06:31","slug":"dorai-training-top-violet-et-jaune","status":"publish","type":"product","link":"https:\/\/scramblestuff.com\/eu\/fr\/p\/dorai-training-top-violet-et-jaune\/","title":{"rendered":"Dorai Training Top &#8211; Violet et Jaune."},"content":{"rendered":"<p>Ce haut d&rsquo;entra\u00eenement l\u00e9g\u00e8rement textur\u00e9 de style \u00ab dry fit \u00bb est plus ample qu&rsquo;un rashguard, ce qui vous donne une plus grande libert\u00e9 de mouvement et vous permet de dissimuler vos bourrelets, ce qui est tr\u00e8s bien. Le haut est \u00e9galement plus long au niveau du corps, ce qui est parfait pour se couvrir ou se glisser dans un short (ou un pantalon de gi). Le haut a le style d&rsquo;un maillot de football et comprend le logo de Plus Alpha, qui est un projet secret sur lequel nous travaillons.<\/p>\n","protected":false},"excerpt":{"rendered":"<p>Haut d&rsquo;entra\u00eenement de poids moyen, l\u00e9g\u00e8rement textur\u00e9<\/p>\n<p>Pas aussi moulant qu&rsquo;un rashguard<\/p>\n<p>Comme un maillot de football, mais en plus frais<\/p>\n","protected":false},"featured_media":92608,"comment_status":"open","ping_status":"closed","template":"","meta":{"_editorskit_title_hidden":false,"_editorskit_reading_time":0,"_editorskit_is_block_options_detached":false,"_editorskit_block_options_position":"{}"},"product_brand":[600],"product_cat":[212,280,184],"product_tag":[],"giftcard-category":[],"class_list":{"0":"post-93230","1":"product","2":"type-product","3":"status-publish","4":"has-post-thumbnail","6":"product_brand-scramble","7":"product_cat-lusure-de-combat","8":"product_cat-rashguards-fr","9":"product_cat-tous-les-produits","11":"first","12":"outofstock","13":"taxable","14":"shipping-taxable","15":"purchasable","16":"product-type-variable"},"_links":{"self":[{"href":"https:\/\/scramblestuff.com\/eu\/fr\/wp-json\/wp\/v2\/product\/93230","targetHints":{"allow":["GET"]}}],"collection":[{"href":"https:\/\/scramblestuff.com\/eu\/fr\/wp-json\/wp\/v2\/product"}],"about":[{"href":"https:\/\/scramblestuff.com\/eu\/fr\/wp-json\/wp\/v2\/types\/product"}],"replies":[{"embeddable":true,"href":"https:\/\/scramblestuff.com\/eu\/fr\/wp-json\/wp\/v2\/comments?post=93230"}],"wp:featuredmedia":[{"embeddable":true,"href":"https:\/\/scramblestuff.com\/eu\/fr\/wp-json\/wp\/v2\/media\/92608"}],"wp:attachment":[{"href":"https:\/\/scramblestuff.com\/eu\/fr\/wp-json\/wp\/v2\/media?parent=93230"}],"wp:term":[{"taxonomy":"product_brand","embeddable":true,"href":"https:\/\/scramblestuff.com\/eu\/fr\/wp-json\/wp\/v2\/product_brand?post=93230"},{"taxonomy":"product_cat","embeddable":true,"href":"https:\/\/scramblestuff.com\/eu\/fr\/wp-json\/wp\/v2\/product_cat?post=93230"},{"taxonomy":"product_tag","embeddable":true,"href":"https:\/\/scramblestuff.com\/eu\/fr\/wp-json\/wp\/v2\/product_tag?post=93230"},{"taxonomy":"giftcard-category","embeddable":true,"href":"https:\/\/scramblestuff.com\/eu\/fr\/wp-json\/wp\/v2\/giftcard-category?post=93230"}],"curies":[{"name":"wp","href":"https:\/\/api.w.org\/{rel}","templated":true}]}}