{"id":93736,"date":"2025-01-23T09:30:08","date_gmt":"2025-04-07T11:34:31","guid":{"rendered":"https:\/\/scramblestuff.com\/eu\/p\/scramble-x-bad-hand-coffee-rashguard-blanc\/"},"modified":"2025-04-07T12:34:31","modified_gmt":"2025-04-07T11:34:31","slug":"scramble-x-bad-hand-coffee-rashguard-blanc","status":"publish","type":"product","link":"https:\/\/scramblestuff.com\/eu\/fr\/p\/scramble-x-bad-hand-coffee-rashguard-blanc\/","title":{"rendered":"Scramble x Bad Hand Coffee Rashguard &#8211; Blanc"},"content":{"rendered":"<p>La collaboration Bad Hand x Scramble c\u00e9l\u00e8bre deux de nos choses pr\u00e9f\u00e9r\u00e9es dans le monde &#8211; le caf\u00e9 et le jiujitsu. Bad Hand est une br\u00fblerie situ\u00e9e pr\u00e8s du QG de Scramble, et les membres de Scramble et de Bad Hand s&rsquo;entra\u00eenent ensemble au jiujitsu \u00e0 Ippon Gym. C&rsquo;est un match fait au paradis du caf\u00e9 ! C\u00e9l\u00e9brant nos deux marques, cette collection comprend un t-shirt et un rashguard, tous deux orn\u00e9s d&rsquo;illustrations dessin\u00e9es \u00e0 la main, ainsi qu&rsquo;un lot sp\u00e9cial de quelques-uns de leurs meilleurs grains de caf\u00e9. Jusqu&rsquo;\u00e0 \u00e9puisement des stocks, nous offrirons un \u00e9chantillon des grains pour tout achat d&rsquo;un tee-shirt ou d&rsquo;un rashguard au prix normal.    <\/p>\n<p>La collection a \u00e9galement \u00e9t\u00e9 lanc\u00e9e en personne lors d&rsquo;un Open Mat \u00e0 Ippon Gym et d&rsquo;un popup shop \u00e0 la Bad Hand Roastery, juste \u00e0 c\u00f4t\u00e9. Cet \u00e9v\u00e9nement en personne a \u00e9t\u00e9 extr\u00eamement populaire avec plus de 100 participants. <\/p>\n<p>Il s&rsquo;agit d&rsquo;un rashguard \u00e0 manches courtes dot\u00e9 de notre dessin collaboratif r\u00e9alis\u00e9 \u00e0 la main, d&rsquo;une coupe multi-panneaux haut de gamme et des meilleurs mat\u00e9riaux de sa cat\u00e9gorie.<\/p>\n","protected":false},"excerpt":{"rendered":"<p>Collaboration exclusive en \u00e9dition limit\u00e9e<br \/>\nManches courtes avec un coloris unique<\/p>\n","protected":false},"featured_media":92164,"comment_status":"open","ping_status":"closed","template":"","meta":{"_editorskit_title_hidden":false,"_editorskit_reading_time":0,"_editorskit_is_block_options_detached":false,"_editorskit_block_options_position":"{}"},"product_brand":[600],"product_cat":[212,280,184],"product_tag":[620],"giftcard-category":[],"class_list":{"0":"post-93736","1":"product","2":"type-product","3":"status-publish","4":"has-post-thumbnail","6":"product_brand-scramble","7":"product_cat-lusure-de-combat","8":"product_cat-rashguards-fr","9":"product_cat-tous-les-produits","10":"product_tag-bad-hand-fr","12":"first","13":"outofstock","14":"taxable","15":"shipping-taxable","16":"purchasable","17":"product-type-variable"},"_links":{"self":[{"href":"https:\/\/scramblestuff.com\/eu\/fr\/wp-json\/wp\/v2\/product\/93736","targetHints":{"allow":["GET"]}}],"collection":[{"href":"https:\/\/scramblestuff.com\/eu\/fr\/wp-json\/wp\/v2\/product"}],"about":[{"href":"https:\/\/scramblestuff.com\/eu\/fr\/wp-json\/wp\/v2\/types\/product"}],"replies":[{"embeddable":true,"href":"https:\/\/scramblestuff.com\/eu\/fr\/wp-json\/wp\/v2\/comments?post=93736"}],"wp:featuredmedia":[{"embeddable":true,"href":"https:\/\/scramblestuff.com\/eu\/fr\/wp-json\/wp\/v2\/media\/92164"}],"wp:attachment":[{"href":"https:\/\/scramblestuff.com\/eu\/fr\/wp-json\/wp\/v2\/media?parent=93736"}],"wp:term":[{"taxonomy":"product_brand","embeddable":true,"href":"https:\/\/scramblestuff.com\/eu\/fr\/wp-json\/wp\/v2\/product_brand?post=93736"},{"taxonomy":"product_cat","embeddable":true,"href":"https:\/\/scramblestuff.com\/eu\/fr\/wp-json\/wp\/v2\/product_cat?post=93736"},{"taxonomy":"product_tag","embeddable":true,"href":"https:\/\/scramblestuff.com\/eu\/fr\/wp-json\/wp\/v2\/product_tag?post=93736"},{"taxonomy":"giftcard-category","embeddable":true,"href":"https:\/\/scramblestuff.com\/eu\/fr\/wp-json\/wp\/v2\/giftcard-category?post=93736"}],"curies":[{"name":"wp","href":"https:\/\/api.w.org\/{rel}","templated":true}]}}