{"id":93809,"date":"2024-12-05T09:36:41","date_gmt":"2025-04-08T17:28:01","guid":{"rendered":"https:\/\/scramblestuff.com\/eu\/p\/scramble-x-pancrase-hybrid-wrestling-hoody\/"},"modified":"2025-04-08T18:28:01","modified_gmt":"2025-04-08T17:28:01","slug":"scramble-x-pancrase-hybrid-wrestling-hoody","status":"publish","type":"product","link":"https:\/\/scramblestuff.com\/eu\/fr\/p\/scramble-x-pancrase-hybrid-wrestling-hoody\/","title":{"rendered":"Scramble x Pancrase Hybrid Wrestling Hoody"},"content":{"rendered":"<p>Le sweat \u00e0 capuche Scramble x Pancrase combine fonctionnalit\u00e9 et h\u00e9ritage dans un design qui rend hommage au r\u00f4le de pionnier de Pancrase dans la lutte hybride et le MMA depuis 1993. Fabriqu\u00e9 dans un tissu \u00e0 la fois doux et r\u00e9sistant, ce sweat \u00e0 capuche est id\u00e9al pour les \u00e9chauffements avant l&rsquo;entra\u00eenement, les pauses apr\u00e8s les s\u00e9ances ou les tenues d\u00e9contract\u00e9es. Le design d\u00e9taill\u00e9 fait r\u00e9f\u00e9rence aux premiers jours de Pancrase et \u00e0 son influence sur les communaut\u00e9s du grappling et du MMA, offrant un lien avec l&rsquo;histoire des sports de combat. Avec sa coupe d\u00e9contract\u00e9e et ses caract\u00e9ristiques pratiques, ce sweat \u00e0 capuche est id\u00e9al pour les athl\u00e8tes qui recherchent le confort et un style discret, qu&rsquo;ils soient sur ou en dehors des tapis.   <\/p>\n","protected":false},"excerpt":{"rendered":"<p>Collaboration en \u00e9dition limit\u00e9e<br \/>\nLicence officielle de Pancrase<br \/>\nM\u00e9lange de coton doux, confortable, surdimensionn\u00e9 et lourd<\/p>\n","protected":false},"featured_media":91531,"comment_status":"open","ping_status":"closed","template":"","meta":{"_editorskit_title_hidden":false,"_editorskit_reading_time":0,"_editorskit_is_block_options_detached":false,"_editorskit_block_options_position":"{}"},"product_brand":[600],"product_cat":[184,188],"product_tag":[621],"giftcard-category":[],"class_list":{"0":"post-93809","1":"product","2":"type-product","3":"status-publish","4":"has-post-thumbnail","6":"product_brand-scramble","7":"product_cat-tous-les-produits","8":"product_cat-vetement-de-tous-les-jours","9":"product_tag-pancrase-fr","11":"first","12":"instock","13":"taxable","14":"shipping-taxable","15":"purchasable","16":"product-type-variable"},"_links":{"self":[{"href":"https:\/\/scramblestuff.com\/eu\/fr\/wp-json\/wp\/v2\/product\/93809","targetHints":{"allow":["GET"]}}],"collection":[{"href":"https:\/\/scramblestuff.com\/eu\/fr\/wp-json\/wp\/v2\/product"}],"about":[{"href":"https:\/\/scramblestuff.com\/eu\/fr\/wp-json\/wp\/v2\/types\/product"}],"replies":[{"embeddable":true,"href":"https:\/\/scramblestuff.com\/eu\/fr\/wp-json\/wp\/v2\/comments?post=93809"}],"wp:featuredmedia":[{"embeddable":true,"href":"https:\/\/scramblestuff.com\/eu\/fr\/wp-json\/wp\/v2\/media\/91531"}],"wp:attachment":[{"href":"https:\/\/scramblestuff.com\/eu\/fr\/wp-json\/wp\/v2\/media?parent=93809"}],"wp:term":[{"taxonomy":"product_brand","embeddable":true,"href":"https:\/\/scramblestuff.com\/eu\/fr\/wp-json\/wp\/v2\/product_brand?post=93809"},{"taxonomy":"product_cat","embeddable":true,"href":"https:\/\/scramblestuff.com\/eu\/fr\/wp-json\/wp\/v2\/product_cat?post=93809"},{"taxonomy":"product_tag","embeddable":true,"href":"https:\/\/scramblestuff.com\/eu\/fr\/wp-json\/wp\/v2\/product_tag?post=93809"},{"taxonomy":"giftcard-category","embeddable":true,"href":"https:\/\/scramblestuff.com\/eu\/fr\/wp-json\/wp\/v2\/giftcard-category?post=93809"}],"curies":[{"name":"wp","href":"https:\/\/api.w.org\/{rel}","templated":true}]}}