{"id":93823,"date":"2024-12-12T11:09:15","date_gmt":"2024-12-12T11:09:15","guid":{"rendered":"https:\/\/scramblestuff.com\/eu\/p\/ankle-lock-rashguard\/"},"modified":"2025-04-08T18:43:02","modified_gmt":"2025-04-08T17:43:02","slug":"ankle-lock-rashguard","status":"publish","type":"product","link":"https:\/\/scramblestuff.com\/eu\/fr\/p\/ankle-lock-rashguard\/","title":{"rendered":"Ankle Lock Rashguard"},"content":{"rendered":"<p>Cette \u00e9dition sp\u00e9ciale du rashguard en collaboration avec les athl\u00e8tes c\u00e9l\u00e8bre la c\u00e9l\u00e8bre cl\u00e9 de cheville de Mateusz Szczecinski. Originaire de Pologne, Mateusz est un v\u00e9t\u00e9ran de l&rsquo;ADCC avec deux victoires spectaculaires par soumission, ainsi que le champion des poids welters de Polaris. Le rashguard \u00e0 manches courtes comporte une r\u00e9f\u00e9rence \u00e0 sa soumission embl\u00e9matique ainsi que de petites touches de logo et un motif de drapeau polonais.  <\/p>\n","protected":false},"excerpt":{"rendered":"<p>Collaboration avec des athl\u00e8tes en \u00e9dition limit\u00e9e<br \/>\nFait r\u00e9f\u00e9rence \u00e0 la c\u00e9l\u00e8bre soumission de Mateusz<br \/>\nMat\u00e9riaux et d\u00e9tails haut de gamme<\/p>\n","protected":false},"featured_media":91729,"comment_status":"open","ping_status":"closed","template":"","meta":{"_editorskit_title_hidden":false,"_editorskit_reading_time":0,"_editorskit_is_block_options_detached":false,"_editorskit_block_options_position":"{}"},"product_brand":[600],"product_cat":[280,184,230],"product_tag":[],"giftcard-category":[],"class_list":{"0":"post-93823","1":"product","2":"type-product","3":"status-publish","4":"has-post-thumbnail","6":"product_brand-scramble","7":"product_cat-rashguards-fr","8":"product_cat-tous-les-produits","9":"product_cat-vente","11":"first","12":"outofstock","13":"taxable","14":"shipping-taxable","15":"purchasable","16":"product-type-variable"},"_links":{"self":[{"href":"https:\/\/scramblestuff.com\/eu\/fr\/wp-json\/wp\/v2\/product\/93823","targetHints":{"allow":["GET"]}}],"collection":[{"href":"https:\/\/scramblestuff.com\/eu\/fr\/wp-json\/wp\/v2\/product"}],"about":[{"href":"https:\/\/scramblestuff.com\/eu\/fr\/wp-json\/wp\/v2\/types\/product"}],"replies":[{"embeddable":true,"href":"https:\/\/scramblestuff.com\/eu\/fr\/wp-json\/wp\/v2\/comments?post=93823"}],"wp:featuredmedia":[{"embeddable":true,"href":"https:\/\/scramblestuff.com\/eu\/fr\/wp-json\/wp\/v2\/media\/91729"}],"wp:attachment":[{"href":"https:\/\/scramblestuff.com\/eu\/fr\/wp-json\/wp\/v2\/media?parent=93823"}],"wp:term":[{"taxonomy":"product_brand","embeddable":true,"href":"https:\/\/scramblestuff.com\/eu\/fr\/wp-json\/wp\/v2\/product_brand?post=93823"},{"taxonomy":"product_cat","embeddable":true,"href":"https:\/\/scramblestuff.com\/eu\/fr\/wp-json\/wp\/v2\/product_cat?post=93823"},{"taxonomy":"product_tag","embeddable":true,"href":"https:\/\/scramblestuff.com\/eu\/fr\/wp-json\/wp\/v2\/product_tag?post=93823"},{"taxonomy":"giftcard-category","embeddable":true,"href":"https:\/\/scramblestuff.com\/eu\/fr\/wp-json\/wp\/v2\/giftcard-category?post=93823"}],"curies":[{"name":"wp","href":"https:\/\/api.w.org\/{rel}","templated":true}]}}