{"id":93830,"date":"2024-11-30T10:00:55","date_gmt":"2024-11-30T10:00:55","guid":{"rendered":"https:\/\/scramblestuff.com\/eu\/p\/combination-shorts-monochrome\/"},"modified":"2025-11-15T16:37:01","modified_gmt":"2025-11-15T16:37:01","slug":"combination-shorts-monochrome","status":"publish","type":"product","link":"https:\/\/scramblestuff.com\/eu\/fr\/p\/combination-shorts-monochrome\/","title":{"rendered":"Combination Shorts &#8211; Monochrome"},"content":{"rendered":"<p>Short Scramble Combination &#8211; notre short le plus vendu, meilleur que jamais.<br \/>\nCon\u00e7u pour l&rsquo;ajustement, la forme, la fonctionnalit\u00e9 et d&rsquo;autres choses qui, malheureusement, ne commencent pas par F &#8211; comme le jiujitsu, le MMA, le grappling, l&rsquo;halt\u00e9rophilie, la course \u00e0 pied, etc.<br \/>\nLa couche int\u00e9rieure est compos\u00e9e de spats de compression de premi\u00e8re qualit\u00e9, la couche ext\u00e9rieure est l\u00e9g\u00e8re et extensible dans les quatre sens, ce qui permet une grande libert\u00e9 de mouvement.<\/p>\n","protected":false},"excerpt":{"rendered":"<p>\u00c9DITION LIMIT\u00c9E<br \/>\nCouche de spats int\u00e9rieure, short ext\u00e9rieur<br \/>\nProbablement le meilleur short de tous les temps ?<br \/>\nIl n&rsquo;y a pas de doute l\u00e0-dessus, mon pote.<\/p>\n","protected":false},"featured_media":96438,"comment_status":"open","ping_status":"closed","template":"","meta":{"_editorskit_title_hidden":false,"_editorskit_reading_time":0,"_editorskit_is_block_options_detached":false,"_editorskit_block_options_position":"{}"},"product_brand":[600],"product_cat":[27,278,184,230],"product_tag":[],"giftcard-category":[],"class_list":{"0":"post-93830","1":"product","2":"type-product","3":"status-publish","4":"has-post-thumbnail","6":"product_brand-scramble","7":"product_cat-sale","8":"product_cat-shorts-de-combat","9":"product_cat-tous-les-produits","10":"product_cat-vente","12":"first","13":"instock","14":"sale","15":"taxable","16":"shipping-taxable","17":"purchasable","18":"product-type-variable"},"_links":{"self":[{"href":"https:\/\/scramblestuff.com\/eu\/fr\/wp-json\/wp\/v2\/product\/93830","targetHints":{"allow":["GET"]}}],"collection":[{"href":"https:\/\/scramblestuff.com\/eu\/fr\/wp-json\/wp\/v2\/product"}],"about":[{"href":"https:\/\/scramblestuff.com\/eu\/fr\/wp-json\/wp\/v2\/types\/product"}],"replies":[{"embeddable":true,"href":"https:\/\/scramblestuff.com\/eu\/fr\/wp-json\/wp\/v2\/comments?post=93830"}],"wp:featuredmedia":[{"embeddable":true,"href":"https:\/\/scramblestuff.com\/eu\/fr\/wp-json\/wp\/v2\/media\/96438"}],"wp:attachment":[{"href":"https:\/\/scramblestuff.com\/eu\/fr\/wp-json\/wp\/v2\/media?parent=93830"}],"wp:term":[{"taxonomy":"product_brand","embeddable":true,"href":"https:\/\/scramblestuff.com\/eu\/fr\/wp-json\/wp\/v2\/product_brand?post=93830"},{"taxonomy":"product_cat","embeddable":true,"href":"https:\/\/scramblestuff.com\/eu\/fr\/wp-json\/wp\/v2\/product_cat?post=93830"},{"taxonomy":"product_tag","embeddable":true,"href":"https:\/\/scramblestuff.com\/eu\/fr\/wp-json\/wp\/v2\/product_tag?post=93830"},{"taxonomy":"giftcard-category","embeddable":true,"href":"https:\/\/scramblestuff.com\/eu\/fr\/wp-json\/wp\/v2\/giftcard-category?post=93830"}],"curies":[{"name":"wp","href":"https:\/\/api.w.org\/{rel}","templated":true}]}}