{"id":93837,"date":"2024-11-07T10:39:21","date_gmt":"2024-11-07T10:39:21","guid":{"rendered":"https:\/\/scramblestuff.com\/eu\/p\/furinkazan-t-shirt-blanc\/"},"modified":"2025-04-08T18:52:57","modified_gmt":"2025-04-08T17:52:57","slug":"furinkazan-t-shirt-blanc","status":"publish","type":"product","link":"https:\/\/scramblestuff.com\/eu\/fr\/p\/furinkazan-t-shirt-blanc\/","title":{"rendered":"Furinkazan T-Shirt &#8211; Blanc"},"content":{"rendered":"<p>Nos tees \u00ab Furinkazan \u00bb en coton lourd surdimensionn\u00e9 pr\u00e9sentent l&rsquo;art calligraphique original de Shisamu Iwase, de l&rsquo;agence de cr\u00e9ation A DESIGN LAB au Japon.<\/p>\n<p>Ce t-shirt blanc haut de gamme est orn\u00e9 d&rsquo;un \u00e9cusson sp\u00e9cial repr\u00e9sentant la phrase FURINKAZAN ou \u98a8\u6797\u706b\u5c71.<br \/>\nIl s&rsquo;agit d&rsquo;un \u00e9tendard de combat qui flottait sur les drapeaux au-dessus des troupes du daimyo de l&rsquo;\u00e8re Sengoku, Takeda Shingen. Cette banni\u00e8re abr\u00e8ge une citation de Sun Tzu, et chaque kanji repr\u00e9sente un \u00e9l\u00e9ment &#8211; le vent, la for\u00eat, le feu, la montagne. La signification compl\u00e8te du cri de guerre est \u00ab aussi rapide que le vent, aussi doux que la for\u00eat, aussi f\u00e9roce que le feu, aussi in\u00e9branlable que la montagne \u00bb<br \/>\nCes tee-shirts sont disponibles en quantit\u00e9s limit\u00e9es et constitueront un objet de collection ou un cadeau id\u00e9al.  <\/p>\n","protected":false},"excerpt":{"rendered":"<p>Tee-shirt blanc surdimensionn\u00e9 de qualit\u00e9 sup\u00e9rieure<br \/>\nDessin original de calligraphie japonaise<br \/>\nFurinkazan &#8211; un cri de guerre Sengoku<\/p>\n","protected":false},"featured_media":91122,"comment_status":"open","ping_status":"closed","template":"","meta":{"_editorskit_title_hidden":false,"_editorskit_reading_time":0,"_editorskit_is_block_options_detached":false,"_editorskit_block_options_position":"{}"},"product_brand":[600],"product_cat":[27,208,184,230],"product_tag":[],"giftcard-category":[],"class_list":{"0":"post-93837","1":"product","2":"type-product","3":"status-publish","4":"has-post-thumbnail","6":"product_brand-scramble","7":"product_cat-sale","8":"product_cat-t-shirts-fr","9":"product_cat-tous-les-produits","10":"product_cat-vente","12":"first","13":"outofstock","14":"taxable","15":"shipping-taxable","16":"product-type-variable"},"_links":{"self":[{"href":"https:\/\/scramblestuff.com\/eu\/fr\/wp-json\/wp\/v2\/product\/93837","targetHints":{"allow":["GET"]}}],"collection":[{"href":"https:\/\/scramblestuff.com\/eu\/fr\/wp-json\/wp\/v2\/product"}],"about":[{"href":"https:\/\/scramblestuff.com\/eu\/fr\/wp-json\/wp\/v2\/types\/product"}],"replies":[{"embeddable":true,"href":"https:\/\/scramblestuff.com\/eu\/fr\/wp-json\/wp\/v2\/comments?post=93837"}],"wp:featuredmedia":[{"embeddable":true,"href":"https:\/\/scramblestuff.com\/eu\/fr\/wp-json\/wp\/v2\/media\/91122"}],"wp:attachment":[{"href":"https:\/\/scramblestuff.com\/eu\/fr\/wp-json\/wp\/v2\/media?parent=93837"}],"wp:term":[{"taxonomy":"product_brand","embeddable":true,"href":"https:\/\/scramblestuff.com\/eu\/fr\/wp-json\/wp\/v2\/product_brand?post=93837"},{"taxonomy":"product_cat","embeddable":true,"href":"https:\/\/scramblestuff.com\/eu\/fr\/wp-json\/wp\/v2\/product_cat?post=93837"},{"taxonomy":"product_tag","embeddable":true,"href":"https:\/\/scramblestuff.com\/eu\/fr\/wp-json\/wp\/v2\/product_tag?post=93837"},{"taxonomy":"giftcard-category","embeddable":true,"href":"https:\/\/scramblestuff.com\/eu\/fr\/wp-json\/wp\/v2\/giftcard-category?post=93837"}],"curies":[{"name":"wp","href":"https:\/\/api.w.org\/{rel}","templated":true}]}}