{"id":93844,"date":"2024-11-07T10:26:54","date_gmt":"2025-04-08T18:00:54","guid":{"rendered":"https:\/\/scramblestuff.com\/eu\/p\/furinkazan-t-shirt-noir\/"},"modified":"2025-04-08T19:00:54","modified_gmt":"2025-04-08T18:00:54","slug":"furinkazan-t-shirt-noir","status":"publish","type":"product","link":"https:\/\/scramblestuff.com\/eu\/fr\/p\/furinkazan-t-shirt-noir\/","title":{"rendered":"Furinkazan T-Shirt &#8211; Noir"},"content":{"rendered":"<p>Our \u00ab\u00a0Furinkazan\u00a0\u00bb tees in oversized, heavyweight cotton feature the original calligraphic art of Shisamu Iwase, of the A DESIGN LAB creative agency in Japan. \u2060<\/p>\n<p>Ce t-shirt noir haut de gamme est orn\u00e9 d&rsquo;un \u00e9cusson sp\u00e9cial repr\u00e9sentant la phrase FURINKAZAN ou \u98a8\u6797\u706b\u5c71 et a subi un lavage tr\u00e8s subtil qui a l\u00e9g\u00e8rement d\u00e9color\u00e9 le v\u00eatement.<br \/>\nIl s&rsquo;agit d&rsquo;un \u00e9tendard de combat qui flottait sur les drapeaux au-dessus des troupes du daimyo de l&rsquo;\u00e8re Sengoku, Takeda Shingen. Cette banni\u00e8re abr\u00e8ge une citation de Sun Tzu, et chaque kanji repr\u00e9sente un \u00e9l\u00e9ment &#8211; le vent, la for\u00eat, le feu, la montagne. La signification compl\u00e8te du cri de guerre est \u00ab aussi rapide que le vent, aussi doux que la for\u00eat, aussi f\u00e9roce que le feu, aussi in\u00e9branlable qu&rsquo;une montagne \u00bb.<br \/>\nCes tee-shirts sont disponibles en quantit\u00e9s limit\u00e9es et constitueront un parfait objet de collection ou un cadeau.  <\/p>\n","protected":false},"excerpt":{"rendered":"<p>T-shirt noir surdimensionn\u00e9 de qualit\u00e9 sup\u00e9rieure<br \/>\nDessin original de calligraphie japonaise<br \/>\nFurinkazan &#8211; un cri de guerre Sengoku<\/p>\n","protected":false},"featured_media":91080,"comment_status":"open","ping_status":"closed","template":"","meta":{"_editorskit_title_hidden":false,"_editorskit_reading_time":0,"_editorskit_is_block_options_detached":false,"_editorskit_block_options_position":"{}"},"product_brand":[600],"product_cat":[208,184,230],"product_tag":[],"giftcard-category":[],"class_list":{"0":"post-93844","1":"product","2":"type-product","3":"status-publish","4":"has-post-thumbnail","6":"product_brand-scramble","7":"product_cat-t-shirts-fr","8":"product_cat-tous-les-produits","9":"product_cat-vente","11":"first","12":"outofstock","13":"taxable","14":"shipping-taxable","15":"purchasable","16":"product-type-variable"},"_links":{"self":[{"href":"https:\/\/scramblestuff.com\/eu\/fr\/wp-json\/wp\/v2\/product\/93844","targetHints":{"allow":["GET"]}}],"collection":[{"href":"https:\/\/scramblestuff.com\/eu\/fr\/wp-json\/wp\/v2\/product"}],"about":[{"href":"https:\/\/scramblestuff.com\/eu\/fr\/wp-json\/wp\/v2\/types\/product"}],"replies":[{"embeddable":true,"href":"https:\/\/scramblestuff.com\/eu\/fr\/wp-json\/wp\/v2\/comments?post=93844"}],"wp:featuredmedia":[{"embeddable":true,"href":"https:\/\/scramblestuff.com\/eu\/fr\/wp-json\/wp\/v2\/media\/91080"}],"wp:attachment":[{"href":"https:\/\/scramblestuff.com\/eu\/fr\/wp-json\/wp\/v2\/media?parent=93844"}],"wp:term":[{"taxonomy":"product_brand","embeddable":true,"href":"https:\/\/scramblestuff.com\/eu\/fr\/wp-json\/wp\/v2\/product_brand?post=93844"},{"taxonomy":"product_cat","embeddable":true,"href":"https:\/\/scramblestuff.com\/eu\/fr\/wp-json\/wp\/v2\/product_cat?post=93844"},{"taxonomy":"product_tag","embeddable":true,"href":"https:\/\/scramblestuff.com\/eu\/fr\/wp-json\/wp\/v2\/product_tag?post=93844"},{"taxonomy":"giftcard-category","embeddable":true,"href":"https:\/\/scramblestuff.com\/eu\/fr\/wp-json\/wp\/v2\/giftcard-category?post=93844"}],"curies":[{"name":"wp","href":"https:\/\/api.w.org\/{rel}","templated":true}]}}