{"id":93875,"date":"2024-11-07T10:09:14","date_gmt":"2024-11-07T10:09:14","guid":{"rendered":"https:\/\/scramblestuff.com\/eu\/p\/fate-gi-blanc\/"},"modified":"2026-02-25T22:30:54","modified_gmt":"2026-02-25T22:30:54","slug":"fate-gi-blanc","status":"publish","type":"product","link":"https:\/\/scramblestuff.com\/eu\/fr\/p\/fate-gi-blanc\/","title":{"rendered":"Fate Gi &#8211; Blanc"},"content":{"rendered":"<p>Le concept de FATE est \u00ab De l&rsquo;amateur \u00e0 l&rsquo;expert \u00bb et vise \u00e0 offrir aux d\u00e9butants du jour 1 comme aux comp\u00e9titeurs professionnels une proposition de valeur qui ne fait aucun compromis. <\/p>\n<p>Le gi est de la m\u00eame taille que nos gis habituels et est compos\u00e9 d&rsquo;un haut l\u00e9ger en pearl weave et d&rsquo;un pantalon l\u00e9ger et confortable en coton twill (pas ripstop). \u2060Ce gi est 100% coton de premi\u00e8re qualit\u00e9 (pas de polyester bon march\u00e9) ET 100% l\u00e9gal IBJJF.<\/p>\n<p>Le gi est livr\u00e9 avec une ceinture blanche gratuite, ce qui en fait le choix id\u00e9al pour toute personne d\u00e9butant le jiujitsu ou cherchant un gi de BJJ pour d\u00e9butants d&rsquo;un bon rapport qualit\u00e9\/prix. Si vous n&rsquo;avez pas besoin de la ceinture blanche, donnez-la simplement \u00e0 votre club de BJJ local &#8211; elle sera certainement utile aux d\u00e9butants.<\/p>\n","protected":false},"excerpt":{"rendered":"<p>Gi blanc 100% coton<br \/>\nIBJJF l\u00e9gal<br \/>\nCeinture blanche gratuite<br \/>\nHaut en Pearl Wave 380GSM, pantalon en coton twill 230GSM<\/p>\n","protected":false},"featured_media":92437,"comment_status":"open","ping_status":"closed","template":"","meta":{"_editorskit_title_hidden":false,"_editorskit_reading_time":0,"_editorskit_is_block_options_detached":false,"_editorskit_block_options_position":"{}"},"product_brand":[],"product_cat":[303,184],"product_tag":[632],"giftcard-category":[],"class_list":{"0":"post-93875","1":"product","2":"type-product","3":"status-publish","4":"has-post-thumbnail","6":"product_cat-bjj-gi","7":"product_cat-tous-les-produits","8":"product_tag-fate-fr","10":"first","11":"instock","12":"taxable","13":"shipping-taxable","14":"purchasable","15":"product-type-variable"},"_links":{"self":[{"href":"https:\/\/scramblestuff.com\/eu\/fr\/wp-json\/wp\/v2\/product\/93875","targetHints":{"allow":["GET"]}}],"collection":[{"href":"https:\/\/scramblestuff.com\/eu\/fr\/wp-json\/wp\/v2\/product"}],"about":[{"href":"https:\/\/scramblestuff.com\/eu\/fr\/wp-json\/wp\/v2\/types\/product"}],"replies":[{"embeddable":true,"href":"https:\/\/scramblestuff.com\/eu\/fr\/wp-json\/wp\/v2\/comments?post=93875"}],"wp:featuredmedia":[{"embeddable":true,"href":"https:\/\/scramblestuff.com\/eu\/fr\/wp-json\/wp\/v2\/media\/92437"}],"wp:attachment":[{"href":"https:\/\/scramblestuff.com\/eu\/fr\/wp-json\/wp\/v2\/media?parent=93875"}],"wp:term":[{"taxonomy":"product_brand","embeddable":true,"href":"https:\/\/scramblestuff.com\/eu\/fr\/wp-json\/wp\/v2\/product_brand?post=93875"},{"taxonomy":"product_cat","embeddable":true,"href":"https:\/\/scramblestuff.com\/eu\/fr\/wp-json\/wp\/v2\/product_cat?post=93875"},{"taxonomy":"product_tag","embeddable":true,"href":"https:\/\/scramblestuff.com\/eu\/fr\/wp-json\/wp\/v2\/product_tag?post=93875"},{"taxonomy":"giftcard-category","embeddable":true,"href":"https:\/\/scramblestuff.com\/eu\/fr\/wp-json\/wp\/v2\/giftcard-category?post=93875"}],"curies":[{"name":"wp","href":"https:\/\/api.w.org\/{rel}","templated":true}]}}