{"id":94397,"date":"2024-11-07T09:48:31","date_gmt":"2024-11-07T09:48:31","guid":{"rendered":"https:\/\/scramblestuff.com\/eu\/p\/fate-gi-noir\/"},"modified":"2026-03-02T11:10:26","modified_gmt":"2026-03-02T11:10:26","slug":"fate-gi-noir","status":"publish","type":"product","link":"https:\/\/scramblestuff.com\/eu\/fr\/p\/fate-gi-noir\/","title":{"rendered":"Fate Gi &#8211; Noir"},"content":{"rendered":"<p>Le concept de FATE est \u00ab De l&rsquo;amateur \u00e0 l&rsquo;expert \u00bb et vise \u00e0 offrir aux d\u00e9butants du jour 1 comme aux comp\u00e9titeurs professionnels une proposition de valeur qui ne fait aucun compromis.<br \/>\nLe gi est de la m\u00eame taille que nos gis habituels et se compose d&rsquo;un haut l\u00e9ger en tissu perl\u00e9 et d&rsquo;un pantalon l\u00e9ger et confortable en coton serg\u00e9 (pas ripstop). \u2060Ce gi est 100% coton de premi\u00e8re qualit\u00e9 (pas de polyester bon march\u00e9) ET 100% l\u00e9gal IBJJF.<\/p>\n<p>Le gi est livr\u00e9 avec une ceinture blanche gratuite, ce qui en fait le choix id\u00e9al pour toute personne d\u00e9butant le jiujitsu ou cherchant un gi de BJJ pour d\u00e9butants d&rsquo;un bon rapport qualit\u00e9\/prix. Si vous n&rsquo;avez pas besoin de la ceinture blanche, donnez-la simplement \u00e0 votre club de BJJ local &#8211; elle sera certainement utile aux d\u00e9butants. <\/p>\n","protected":false},"excerpt":{"rendered":"<p>100% coton noir Gi<br \/>\nIBJJF l\u00e9gal<br \/>\nCeinture blanche gratuite<br \/>\nHaut en Pearl Wave 380GSM, pantalon en coton twill 230GSM<\/p>\n","protected":false},"featured_media":92472,"comment_status":"open","ping_status":"closed","template":"","meta":{"_editorskit_title_hidden":false,"_editorskit_reading_time":0,"_editorskit_is_block_options_detached":false,"_editorskit_block_options_position":"{}"},"product_brand":[600],"product_cat":[303,184],"product_tag":[632],"giftcard-category":[],"class_list":{"0":"post-94397","1":"product","2":"type-product","3":"status-publish","4":"has-post-thumbnail","6":"product_brand-scramble","7":"product_cat-bjj-gi","8":"product_cat-tous-les-produits","9":"product_tag-fate-fr","11":"first","12":"outofstock","13":"taxable","14":"shipping-taxable","15":"purchasable","16":"product-type-variable"},"_links":{"self":[{"href":"https:\/\/scramblestuff.com\/eu\/fr\/wp-json\/wp\/v2\/product\/94397","targetHints":{"allow":["GET"]}}],"collection":[{"href":"https:\/\/scramblestuff.com\/eu\/fr\/wp-json\/wp\/v2\/product"}],"about":[{"href":"https:\/\/scramblestuff.com\/eu\/fr\/wp-json\/wp\/v2\/types\/product"}],"replies":[{"embeddable":true,"href":"https:\/\/scramblestuff.com\/eu\/fr\/wp-json\/wp\/v2\/comments?post=94397"}],"wp:featuredmedia":[{"embeddable":true,"href":"https:\/\/scramblestuff.com\/eu\/fr\/wp-json\/wp\/v2\/media\/92472"}],"wp:attachment":[{"href":"https:\/\/scramblestuff.com\/eu\/fr\/wp-json\/wp\/v2\/media?parent=94397"}],"wp:term":[{"taxonomy":"product_brand","embeddable":true,"href":"https:\/\/scramblestuff.com\/eu\/fr\/wp-json\/wp\/v2\/product_brand?post=94397"},{"taxonomy":"product_cat","embeddable":true,"href":"https:\/\/scramblestuff.com\/eu\/fr\/wp-json\/wp\/v2\/product_cat?post=94397"},{"taxonomy":"product_tag","embeddable":true,"href":"https:\/\/scramblestuff.com\/eu\/fr\/wp-json\/wp\/v2\/product_tag?post=94397"},{"taxonomy":"giftcard-category","embeddable":true,"href":"https:\/\/scramblestuff.com\/eu\/fr\/wp-json\/wp\/v2\/giftcard-category?post=94397"}],"curies":[{"name":"wp","href":"https:\/\/api.w.org\/{rel}","templated":true}]}}