{"id":94506,"date":"2024-10-24T14:30:49","date_gmt":"2024-10-24T13:30:49","guid":{"rendered":"https:\/\/scramblestuff.com\/eu\/p\/athlete-gi-female-white\/"},"modified":"2025-11-19T09:57:08","modified_gmt":"2025-11-19T09:57:08","slug":"athlete-gi-female-white","status":"publish","type":"product","link":"https:\/\/scramblestuff.com\/eu\/fr\/p\/athlete-gi-female-white\/","title":{"rendered":"Athlete Gi Female &#8211; White"},"content":{"rendered":"<p>L&rsquo;Athlete a toujours \u00e9t\u00e9 le gi de jiujitsu br\u00e9silien par excellence de Scramble. Ce kimono a \u00e9t\u00e9 amoureusement con\u00e7u et affin\u00e9 au fil des ans en tenant compte des commentaires des athl\u00e8tes et des clients, ainsi que des fondateurs et du personnel de Scramble, qui s&rsquo;entra\u00eenent presque tous. Le gi porte la marque Scramble \u00e0 des endroits cl\u00e9s et respecte toutes les directives de l&rsquo;IBJJF en mati\u00e8re de l\u00e9galit\u00e9. Nous avons clairement indiqu\u00e9 le GSM du haut et du bas afin que vous puissiez facilement passer l&rsquo;inspection de l&rsquo;IBJJF.<\/p>\n<p>Et pour ceux qui ne participent pas \u00e0 des comp\u00e9titions, il s&rsquo;agit d&rsquo;un excellent gi de tous les jours, avec un poids suffisant pour supporter un entra\u00eenement quotidien vigoureux.<\/p>\n<p>Beaucoup d&rsquo;autres marques m\u00e9langent leur coton avec du polyester car c&rsquo;est moins cher et cela r\u00e9duit le r\u00e9tr\u00e9cissement, mais nous utilisons toujours du coton \u00e0 100 %. Il est plus sain et plus confortable sur la peau, tout en restant perm\u00e9able \u00e0 l&rsquo;air lorsque vous transpirez. Il est plus sain et plus confortable pour la peau, tout en restant respirant lorsque vous transpirez.<\/p>\n<p>Ce gi n&rsquo;est pas livr\u00e9 avec un sac de gi.<\/p>\n","protected":false},"excerpt":{"rendered":"<p>100% l\u00e9gal IBJJF<\/p>\n<p>Ajustement et sensation de qualit\u00e9 sup\u00e9rieure<\/p>\n<p>Pantalon ripstop 290gsm \/ top pearl weave 450gsm<\/p>\n<p>100% pur coton<\/p>\n","protected":false},"featured_media":90613,"comment_status":"open","ping_status":"closed","template":"","meta":{"_editorskit_title_hidden":false,"_editorskit_reading_time":0,"_editorskit_is_block_options_detached":false,"_editorskit_block_options_position":"{}"},"product_brand":[600],"product_cat":[241,303,237,212,27,184,230],"product_tag":[641],"giftcard-category":[],"class_list":{"0":"post-94506","1":"product","2":"type-product","3":"status-publish","4":"has-post-thumbnail","6":"product_brand-scramble","7":"product_cat-aux-femmes-bjj-gi","8":"product_cat-bjj-gi","9":"product_cat-femmes","10":"product_cat-lusure-de-combat","11":"product_cat-sale","12":"product_cat-tous-les-produits","13":"product_cat-vente","14":"product_tag-athlete-gi-fr","16":"first","17":"instock","18":"sale","19":"taxable","20":"shipping-taxable","21":"purchasable","22":"product-type-variable"},"_links":{"self":[{"href":"https:\/\/scramblestuff.com\/eu\/fr\/wp-json\/wp\/v2\/product\/94506","targetHints":{"allow":["GET"]}}],"collection":[{"href":"https:\/\/scramblestuff.com\/eu\/fr\/wp-json\/wp\/v2\/product"}],"about":[{"href":"https:\/\/scramblestuff.com\/eu\/fr\/wp-json\/wp\/v2\/types\/product"}],"replies":[{"embeddable":true,"href":"https:\/\/scramblestuff.com\/eu\/fr\/wp-json\/wp\/v2\/comments?post=94506"}],"wp:featuredmedia":[{"embeddable":true,"href":"https:\/\/scramblestuff.com\/eu\/fr\/wp-json\/wp\/v2\/media\/90613"}],"wp:attachment":[{"href":"https:\/\/scramblestuff.com\/eu\/fr\/wp-json\/wp\/v2\/media?parent=94506"}],"wp:term":[{"taxonomy":"product_brand","embeddable":true,"href":"https:\/\/scramblestuff.com\/eu\/fr\/wp-json\/wp\/v2\/product_brand?post=94506"},{"taxonomy":"product_cat","embeddable":true,"href":"https:\/\/scramblestuff.com\/eu\/fr\/wp-json\/wp\/v2\/product_cat?post=94506"},{"taxonomy":"product_tag","embeddable":true,"href":"https:\/\/scramblestuff.com\/eu\/fr\/wp-json\/wp\/v2\/product_tag?post=94506"},{"taxonomy":"giftcard-category","embeddable":true,"href":"https:\/\/scramblestuff.com\/eu\/fr\/wp-json\/wp\/v2\/giftcard-category?post=94506"}],"curies":[{"name":"wp","href":"https:\/\/api.w.org\/{rel}","templated":true}]}}