{"id":94575,"date":"2024-10-24T14:35:48","date_gmt":"2024-10-24T13:35:48","guid":{"rendered":"https:\/\/scramblestuff.com\/eu\/p\/athlete-gi-comp-blue\/"},"modified":"2026-04-13T09:23:23","modified_gmt":"2026-04-13T08:23:23","slug":"athlete-gi-comp-blue","status":"publish","type":"product","link":"https:\/\/scramblestuff.com\/eu\/fr\/p\/athlete-gi-comp-blue\/","title":{"rendered":"Athlete Gi &#8211; Comp Blue"},"content":{"rendered":"<p>L&rsquo;Athlete a toujours \u00e9t\u00e9 le gi de jiujitsu br\u00e9silien phare de Scramble. Ce kimono a \u00e9t\u00e9 amoureusement con\u00e7u et affin\u00e9 au fil des ans en tenant compte des commentaires des athl\u00e8tes et des clients, ainsi que des fondateurs et du personnel de Scramble, qui s&rsquo;entra\u00eenent presque tous. Le gi comporte un simple marquage Scramble \u00e0 des endroits cl\u00e9s et respecte toutes les directives de l&rsquo;IBJJF en mati\u00e8re de l\u00e9galit\u00e9. Nous avons clairement indiqu\u00e9 le GSM du haut et du bas afin que vous puissiez facilement passer l&rsquo;inspection de l&rsquo;IBJJF.   <\/p>\n<p>Et pour ceux qui ne participent pas \u00e0 des comp\u00e9titions, il s&rsquo;agit d&rsquo;un excellent gi de tous les jours, avec un poids suffisant pour supporter un entra\u00eenement quotidien vigoureux.<\/p>\n<p>Beaucoup d&rsquo;autres marques m\u00e9langent leur coton avec du polyester, car c&rsquo;est moins cher et cela r\u00e9duit le r\u00e9tr\u00e9cissement, mais nous utilisons toujours du coton \u00e0 100 %. Il est plus sain et plus confortable sur la peau, tout en restant respirant lorsque vous transpirez. Cela signifie que le gi est susceptible de r\u00e9tr\u00e9cir, mais pas plus que d&rsquo;habitude, et vous pouvez \u00eatre assur\u00e9 que cela est d\u00fb \u00e0 la teneur en coton pur.  <\/p>\n<p>Ce gi n&rsquo;est pas livr\u00e9 avec un sac de gi.<\/p>\n","protected":false},"excerpt":{"rendered":"<p>100% IBJJF legal comp blue colour<\/p>\n<p>Premium Quality Fit &amp; Feel<\/p>\n<p>290gsm ripstop pants \/ 450gsm pearl weave top<\/p>\n<p>100% Pure Cotton<\/p>\n","protected":false},"featured_media":90543,"comment_status":"open","ping_status":"closed","template":"","meta":{"_editorskit_title_hidden":false,"_editorskit_reading_time":0,"_editorskit_is_block_options_detached":false,"_editorskit_block_options_position":"{}"},"product_brand":[],"product_cat":[303,212,27,184,230],"product_tag":[641],"giftcard-category":[],"class_list":{"0":"post-94575","1":"product","2":"type-product","3":"status-publish","4":"has-post-thumbnail","6":"product_cat-bjj-gi","7":"product_cat-lusure-de-combat","8":"product_cat-sale","9":"product_cat-tous-les-produits","10":"product_cat-vente","11":"product_tag-athlete-gi-fr","13":"first","14":"instock","15":"sale","16":"taxable","17":"shipping-taxable","18":"purchasable","19":"product-type-variable"},"_links":{"self":[{"href":"https:\/\/scramblestuff.com\/eu\/fr\/wp-json\/wp\/v2\/product\/94575","targetHints":{"allow":["GET"]}}],"collection":[{"href":"https:\/\/scramblestuff.com\/eu\/fr\/wp-json\/wp\/v2\/product"}],"about":[{"href":"https:\/\/scramblestuff.com\/eu\/fr\/wp-json\/wp\/v2\/types\/product"}],"replies":[{"embeddable":true,"href":"https:\/\/scramblestuff.com\/eu\/fr\/wp-json\/wp\/v2\/comments?post=94575"}],"wp:featuredmedia":[{"embeddable":true,"href":"https:\/\/scramblestuff.com\/eu\/fr\/wp-json\/wp\/v2\/media\/90543"}],"wp:attachment":[{"href":"https:\/\/scramblestuff.com\/eu\/fr\/wp-json\/wp\/v2\/media?parent=94575"}],"wp:term":[{"taxonomy":"product_brand","embeddable":true,"href":"https:\/\/scramblestuff.com\/eu\/fr\/wp-json\/wp\/v2\/product_brand?post=94575"},{"taxonomy":"product_cat","embeddable":true,"href":"https:\/\/scramblestuff.com\/eu\/fr\/wp-json\/wp\/v2\/product_cat?post=94575"},{"taxonomy":"product_tag","embeddable":true,"href":"https:\/\/scramblestuff.com\/eu\/fr\/wp-json\/wp\/v2\/product_tag?post=94575"},{"taxonomy":"giftcard-category","embeddable":true,"href":"https:\/\/scramblestuff.com\/eu\/fr\/wp-json\/wp\/v2\/giftcard-category?post=94575"}],"curies":[{"name":"wp","href":"https:\/\/api.w.org\/{rel}","templated":true}]}}