{"id":94605,"date":"2024-10-23T15:09:04","date_gmt":"2024-10-23T14:09:04","guid":{"rendered":"https:\/\/scramblestuff.com\/eu\/p\/veste-ame-tiger-camo-black\/"},"modified":"2025-12-15T13:22:47","modified_gmt":"2025-12-15T13:22:47","slug":"veste-ame-tiger-camo-black","status":"publish","type":"product","link":"https:\/\/scramblestuff.com\/eu\/fr\/p\/veste-ame-tiger-camo-black\/","title":{"rendered":"Veste Ame &#8211; Tiger Camo \/ Black"},"content":{"rendered":"<p>Construction sup\u00e9rieure, ajustement et sensation. Cette veste de pluie l\u00e9g\u00e8re a une excellente construction et un rev\u00eatement en nylon r\u00e9sistant \u00e0 l&rsquo;eau, y compris des fermetures \u00e9clair imperm\u00e9ables et une doublure en maille l\u00e9g\u00e8re. Une ceinture \u00e9lastique vous permet de serrer la veste si n\u00e9cessaire, tout comme les poignets en velcro. La veste est imprim\u00e9e en sublimation avec notre motif camouflage tigre brevet\u00e9 et finie avec des touches r\u00e9fl\u00e9chissantes du logo Scramble pour les aventures nocturnes. De plus, un joli petit logo Scramble en caoutchouc est estampill\u00e9 sur la poitrine. Litt\u00e9ralement incroyable.  <\/p>\n","protected":false},"excerpt":{"rendered":"<p>Veste de pluie l\u00e9g\u00e8re<\/p>\n<p> Tr\u00e8s r\u00e9sistante \u00e0 l&rsquo;eau<\/p>\n<p> Garnitures\/d\u00e9tails actualis\u00e9s<\/p>\n","protected":false},"featured_media":90320,"comment_status":"open","ping_status":"closed","template":"","meta":{"_editorskit_title_hidden":false,"_editorskit_reading_time":0,"_editorskit_is_block_options_detached":false,"_editorskit_block_options_position":"{}"},"product_brand":[600],"product_cat":[27,184,230,200],"product_tag":[],"giftcard-category":[],"class_list":{"0":"post-94605","1":"product","2":"type-product","3":"status-publish","4":"has-post-thumbnail","6":"product_brand-scramble","7":"product_cat-sale","8":"product_cat-tous-les-produits","9":"product_cat-vente","10":"product_cat-vestes","12":"first","13":"outofstock","14":"taxable","15":"shipping-taxable","16":"purchasable","17":"product-type-variable"},"_links":{"self":[{"href":"https:\/\/scramblestuff.com\/eu\/fr\/wp-json\/wp\/v2\/product\/94605","targetHints":{"allow":["GET"]}}],"collection":[{"href":"https:\/\/scramblestuff.com\/eu\/fr\/wp-json\/wp\/v2\/product"}],"about":[{"href":"https:\/\/scramblestuff.com\/eu\/fr\/wp-json\/wp\/v2\/types\/product"}],"replies":[{"embeddable":true,"href":"https:\/\/scramblestuff.com\/eu\/fr\/wp-json\/wp\/v2\/comments?post=94605"}],"wp:featuredmedia":[{"embeddable":true,"href":"https:\/\/scramblestuff.com\/eu\/fr\/wp-json\/wp\/v2\/media\/90320"}],"wp:attachment":[{"href":"https:\/\/scramblestuff.com\/eu\/fr\/wp-json\/wp\/v2\/media?parent=94605"}],"wp:term":[{"taxonomy":"product_brand","embeddable":true,"href":"https:\/\/scramblestuff.com\/eu\/fr\/wp-json\/wp\/v2\/product_brand?post=94605"},{"taxonomy":"product_cat","embeddable":true,"href":"https:\/\/scramblestuff.com\/eu\/fr\/wp-json\/wp\/v2\/product_cat?post=94605"},{"taxonomy":"product_tag","embeddable":true,"href":"https:\/\/scramblestuff.com\/eu\/fr\/wp-json\/wp\/v2\/product_tag?post=94605"},{"taxonomy":"giftcard-category","embeddable":true,"href":"https:\/\/scramblestuff.com\/eu\/fr\/wp-json\/wp\/v2\/giftcard-category?post=94605"}],"curies":[{"name":"wp","href":"https:\/\/api.w.org\/{rel}","templated":true}]}}