{"id":94611,"date":"2024-10-23T15:09:04","date_gmt":"2024-10-23T14:09:04","guid":{"rendered":"https:\/\/scramblestuff.com\/eu\/p\/polaire-mushin-noir\/"},"modified":"2026-02-09T14:11:19","modified_gmt":"2026-02-09T14:11:19","slug":"polaire-mushin-noir","status":"publish","type":"product","link":"https:\/\/scramblestuff.com\/eu\/fr\/p\/polaire-mushin-noir\/","title":{"rendered":"Polaire Mushin &#8211; Noir"},"content":{"rendered":"<p>Des v\u00eatements confortables et de haute qualit\u00e9 de Scramble. Fabriqu\u00e9es en polyester de premi\u00e8re qualit\u00e9 et dot\u00e9es d&rsquo;un int\u00e9rieur doux et chaud, ces vestes en polaire ont une coupe r\u00e9guli\u00e8re qui permet de les superposer. Chaque v\u00eatement est dot\u00e9 de trois poches zipp\u00e9es et d&rsquo;un subtil logo Scramble en caoutchouc sur le devant de la poitrine.  <\/p>\n","protected":false},"excerpt":{"rendered":"<p>Pile de polyester de poids moyen (sans produits d&rsquo;origine animale)<\/p>\n<p> La coupe confortable permet de superposer les couches<\/p>\n<p> Trois poches zipp\u00e9es<\/p>\n","protected":false},"featured_media":90365,"comment_status":"open","ping_status":"closed","template":"","meta":{"_editorskit_title_hidden":false,"_editorskit_reading_time":0,"_editorskit_is_block_options_detached":false,"_editorskit_block_options_position":"{}"},"product_brand":[600],"product_cat":[27,184,230,200,188],"product_tag":[],"giftcard-category":[],"class_list":{"0":"post-94611","1":"product","2":"type-product","3":"status-publish","4":"has-post-thumbnail","6":"product_brand-scramble","7":"product_cat-sale","8":"product_cat-tous-les-produits","9":"product_cat-vente","10":"product_cat-vestes","11":"product_cat-vetement-de-tous-les-jours","13":"first","14":"instock","15":"sale","16":"taxable","17":"shipping-taxable","18":"purchasable","19":"product-type-variable"},"_links":{"self":[{"href":"https:\/\/scramblestuff.com\/eu\/fr\/wp-json\/wp\/v2\/product\/94611","targetHints":{"allow":["GET"]}}],"collection":[{"href":"https:\/\/scramblestuff.com\/eu\/fr\/wp-json\/wp\/v2\/product"}],"about":[{"href":"https:\/\/scramblestuff.com\/eu\/fr\/wp-json\/wp\/v2\/types\/product"}],"replies":[{"embeddable":true,"href":"https:\/\/scramblestuff.com\/eu\/fr\/wp-json\/wp\/v2\/comments?post=94611"}],"wp:featuredmedia":[{"embeddable":true,"href":"https:\/\/scramblestuff.com\/eu\/fr\/wp-json\/wp\/v2\/media\/90365"}],"wp:attachment":[{"href":"https:\/\/scramblestuff.com\/eu\/fr\/wp-json\/wp\/v2\/media?parent=94611"}],"wp:term":[{"taxonomy":"product_brand","embeddable":true,"href":"https:\/\/scramblestuff.com\/eu\/fr\/wp-json\/wp\/v2\/product_brand?post=94611"},{"taxonomy":"product_cat","embeddable":true,"href":"https:\/\/scramblestuff.com\/eu\/fr\/wp-json\/wp\/v2\/product_cat?post=94611"},{"taxonomy":"product_tag","embeddable":true,"href":"https:\/\/scramblestuff.com\/eu\/fr\/wp-json\/wp\/v2\/product_tag?post=94611"},{"taxonomy":"giftcard-category","embeddable":true,"href":"https:\/\/scramblestuff.com\/eu\/fr\/wp-json\/wp\/v2\/giftcard-category?post=94611"}],"curies":[{"name":"wp","href":"https:\/\/api.w.org\/{rel}","templated":true}]}}