{"id":94661,"date":"2024-10-23T15:09:04","date_gmt":"2024-10-23T14:09:04","guid":{"rendered":"https:\/\/scramblestuff.com\/eu\/p\/veste-ame-rouge-marine\/"},"modified":"2025-05-09T09:38:35","modified_gmt":"2025-05-09T08:38:35","slug":"veste-ame-rouge-marine","status":"publish","type":"product","link":"https:\/\/scramblestuff.com\/eu\/fr\/p\/veste-ame-rouge-marine\/","title":{"rendered":"Ame Jacket &#8211; Red\/Navy"},"content":{"rendered":"<p>Construction sup\u00e9rieure, ajustement et sensation. Cette veste de pluie l\u00e9g\u00e8re a une excellente construction et un rev\u00eatement en nylon r\u00e9sistant \u00e0 l&rsquo;eau, y compris des fermetures \u00e9clair imperm\u00e9ables et une doublure en maille l\u00e9g\u00e8re. Une ceinture \u00e9lastique vous permet de serrer la veste si n\u00e9cessaire, tout comme les poignets en velcro. La veste pr\u00e9sente des couleurs dans notre combinaison populaire rouge\/bleu et est dot\u00e9e d&rsquo;une impression r\u00e9fl\u00e9chissante du logo Scramble pour les aventures nocturnes. De plus, un joli petit logo Scramble en caoutchouc est estampill\u00e9 sur la poitrine. Litt\u00e9ralement incroyable.<\/p>\n","protected":false},"excerpt":{"rendered":"<p>Veste de pluie l\u00e9g\u00e8re<\/p>\n<p> Tr\u00e8s r\u00e9sistante \u00e0 l&rsquo;eau<\/p>\n<p> Garnitures\/d\u00e9tails actualis\u00e9s<\/p>\n","protected":false},"featured_media":90270,"comment_status":"open","ping_status":"closed","template":"","meta":{"_editorskit_title_hidden":false,"_editorskit_reading_time":0,"_editorskit_is_block_options_detached":false,"_editorskit_block_options_position":"{}"},"product_brand":[600],"product_cat":[27,184,230,200],"product_tag":[],"giftcard-category":[],"class_list":{"0":"post-94661","1":"product","2":"type-product","3":"status-publish","4":"has-post-thumbnail","6":"product_brand-scramble","7":"product_cat-sale","8":"product_cat-tous-les-produits","9":"product_cat-vente","10":"product_cat-vestes","12":"first","13":"instock","14":"sale","15":"taxable","16":"shipping-taxable","17":"purchasable","18":"product-type-variable"},"_links":{"self":[{"href":"https:\/\/scramblestuff.com\/eu\/fr\/wp-json\/wp\/v2\/product\/94661","targetHints":{"allow":["GET"]}}],"collection":[{"href":"https:\/\/scramblestuff.com\/eu\/fr\/wp-json\/wp\/v2\/product"}],"about":[{"href":"https:\/\/scramblestuff.com\/eu\/fr\/wp-json\/wp\/v2\/types\/product"}],"replies":[{"embeddable":true,"href":"https:\/\/scramblestuff.com\/eu\/fr\/wp-json\/wp\/v2\/comments?post=94661"}],"wp:featuredmedia":[{"embeddable":true,"href":"https:\/\/scramblestuff.com\/eu\/fr\/wp-json\/wp\/v2\/media\/90270"}],"wp:attachment":[{"href":"https:\/\/scramblestuff.com\/eu\/fr\/wp-json\/wp\/v2\/media?parent=94661"}],"wp:term":[{"taxonomy":"product_brand","embeddable":true,"href":"https:\/\/scramblestuff.com\/eu\/fr\/wp-json\/wp\/v2\/product_brand?post=94661"},{"taxonomy":"product_cat","embeddable":true,"href":"https:\/\/scramblestuff.com\/eu\/fr\/wp-json\/wp\/v2\/product_cat?post=94661"},{"taxonomy":"product_tag","embeddable":true,"href":"https:\/\/scramblestuff.com\/eu\/fr\/wp-json\/wp\/v2\/product_tag?post=94661"},{"taxonomy":"giftcard-category","embeddable":true,"href":"https:\/\/scramblestuff.com\/eu\/fr\/wp-json\/wp\/v2\/giftcard-category?post=94661"}],"curies":[{"name":"wp","href":"https:\/\/api.w.org\/{rel}","templated":true}]}}