{"id":94681,"date":"2024-10-23T13:47:59","date_gmt":"2025-05-09T08:51:00","guid":{"rendered":"https:\/\/scramblestuff.com\/eu\/p\/shinobi-compression-tights-midnight-blue\/"},"modified":"2025-09-30T09:17:16","modified_gmt":"2025-09-30T08:17:16","slug":"shinobi-compression-tights-midnight-blue","status":"publish","type":"product","link":"https:\/\/scramblestuff.com\/eu\/fr\/p\/shinobi-compression-tights-midnight-blue\/","title":{"rendered":"Shinobi Compression Tights &#8211; Midnight Blue"},"content":{"rendered":"<p>La gamme Shinobi est notre vision des v\u00eatements de compression haut de gamme et discrets. En mettant l&rsquo;accent sur les mat\u00e9riaux nobles et la construction de qualit\u00e9, la conception est simple mais \u00e9l\u00e9gante, permettant une parfaite amplitude de mouvement, et comporte des panneaux en maille a\u00e9r\u00e9e aux endroits qui permettent \u00e0 votre corps de respirer lors de l&rsquo;entra\u00eenement. L&rsquo;ensemble convient pour aller \u00e0 la salle de sport , le grappling sans gi, le MMA, etc.<\/p>\n","protected":false},"excerpt":{"rendered":"<p>Compression de premi\u00e8re qualit\u00e9<br \/>\nRev\u00eatement confortable et maille respirante<br \/>\nLooks multi-sports \u00e9pur\u00e9s<br \/>\nBase bleu marine avec accents dor\u00e9s<\/p>\n","protected":false},"featured_media":90136,"comment_status":"open","ping_status":"closed","template":"","meta":{"_editorskit_title_hidden":false,"_editorskit_reading_time":0,"_editorskit_is_block_options_detached":false,"_editorskit_block_options_position":"{}"},"product_brand":[600],"product_cat":[212,292,184],"product_tag":[],"giftcard-category":[],"class_list":{"0":"post-94681","1":"product","2":"type-product","3":"status-publish","4":"has-post-thumbnail","6":"product_brand-scramble","7":"product_cat-lusure-de-combat","8":"product_cat-spats-collants","9":"product_cat-tous-les-produits","11":"first","12":"instock","13":"taxable","14":"shipping-taxable","15":"purchasable","16":"product-type-variable"},"_links":{"self":[{"href":"https:\/\/scramblestuff.com\/eu\/fr\/wp-json\/wp\/v2\/product\/94681","targetHints":{"allow":["GET"]}}],"collection":[{"href":"https:\/\/scramblestuff.com\/eu\/fr\/wp-json\/wp\/v2\/product"}],"about":[{"href":"https:\/\/scramblestuff.com\/eu\/fr\/wp-json\/wp\/v2\/types\/product"}],"replies":[{"embeddable":true,"href":"https:\/\/scramblestuff.com\/eu\/fr\/wp-json\/wp\/v2\/comments?post=94681"}],"wp:featuredmedia":[{"embeddable":true,"href":"https:\/\/scramblestuff.com\/eu\/fr\/wp-json\/wp\/v2\/media\/90136"}],"wp:attachment":[{"href":"https:\/\/scramblestuff.com\/eu\/fr\/wp-json\/wp\/v2\/media?parent=94681"}],"wp:term":[{"taxonomy":"product_brand","embeddable":true,"href":"https:\/\/scramblestuff.com\/eu\/fr\/wp-json\/wp\/v2\/product_brand?post=94681"},{"taxonomy":"product_cat","embeddable":true,"href":"https:\/\/scramblestuff.com\/eu\/fr\/wp-json\/wp\/v2\/product_cat?post=94681"},{"taxonomy":"product_tag","embeddable":true,"href":"https:\/\/scramblestuff.com\/eu\/fr\/wp-json\/wp\/v2\/product_tag?post=94681"},{"taxonomy":"giftcard-category","embeddable":true,"href":"https:\/\/scramblestuff.com\/eu\/fr\/wp-json\/wp\/v2\/giftcard-category?post=94681"}],"curies":[{"name":"wp","href":"https:\/\/api.w.org\/{rel}","templated":true}]}}