{"id":95806,"date":"2024-09-03T13:26:41","date_gmt":"2025-05-28T12:45:20","guid":{"rendered":"https:\/\/scramblestuff.com\/eu\/p\/senshu-25-rashguard\/"},"modified":"2025-05-28T13:45:20","modified_gmt":"2025-05-28T12:45:20","slug":"senshu-25-rashguard","status":"publish","type":"product","link":"https:\/\/scramblestuff.com\/eu\/fr\/p\/senshu-25-rashguard\/","title":{"rendered":"Senshu &rsquo;25 Rashguard"},"content":{"rendered":"<p>Le nouveau kit Senshu pour la saison 2025. Ce kit a \u00e9t\u00e9 test\u00e9 par les meilleurs athl\u00e8tes de jiujitsu et de grappling du monde sur les plus grandes sc\u00e8nes telles que Polaris, ADCC et CJI. Ce rashguard arbore le c\u00e9l\u00e8bre logo Scramble Senshu, reconnu comme une marque de qualit\u00e9 dans le monde du jiujitsu, dans un d\u00e9grad\u00e9 de couleurs bleu, qui flotte sur un fond blanc \u00e9clatant subtilement d\u00e9cor\u00e9 d&rsquo;un motif g\u00e9om\u00e9trique r\u00e9p\u00e9titif bleu clair.  <\/p>\n","protected":false},"excerpt":{"rendered":"<p>Senshu &rsquo;25 Season Rashguard<br \/>\nEnsemble assorti disponible &#8211; rashguard, short, collant court<br \/>\nTel que port\u00e9 par les grapplers professionnels sur les plus grandes sc\u00e8nes.<\/p>\n","protected":false},"featured_media":89581,"comment_status":"open","ping_status":"closed","template":"","meta":{"_editorskit_title_hidden":false,"_editorskit_reading_time":0,"_editorskit_is_block_options_detached":false,"_editorskit_block_options_position":"{}"},"product_brand":[600],"product_cat":[212,280,184,230],"product_tag":[467],"giftcard-category":[],"class_list":{"0":"post-95806","1":"product","2":"type-product","3":"status-publish","4":"has-post-thumbnail","6":"product_brand-scramble","7":"product_cat-lusure-de-combat","8":"product_cat-rashguards-fr","9":"product_cat-tous-les-produits","10":"product_cat-vente","11":"product_tag-senshu-fr","13":"first","14":"instock","15":"taxable","16":"shipping-taxable","17":"purchasable","18":"product-type-variable"},"_links":{"self":[{"href":"https:\/\/scramblestuff.com\/eu\/fr\/wp-json\/wp\/v2\/product\/95806","targetHints":{"allow":["GET"]}}],"collection":[{"href":"https:\/\/scramblestuff.com\/eu\/fr\/wp-json\/wp\/v2\/product"}],"about":[{"href":"https:\/\/scramblestuff.com\/eu\/fr\/wp-json\/wp\/v2\/types\/product"}],"replies":[{"embeddable":true,"href":"https:\/\/scramblestuff.com\/eu\/fr\/wp-json\/wp\/v2\/comments?post=95806"}],"wp:featuredmedia":[{"embeddable":true,"href":"https:\/\/scramblestuff.com\/eu\/fr\/wp-json\/wp\/v2\/media\/89581"}],"wp:attachment":[{"href":"https:\/\/scramblestuff.com\/eu\/fr\/wp-json\/wp\/v2\/media?parent=95806"}],"wp:term":[{"taxonomy":"product_brand","embeddable":true,"href":"https:\/\/scramblestuff.com\/eu\/fr\/wp-json\/wp\/v2\/product_brand?post=95806"},{"taxonomy":"product_cat","embeddable":true,"href":"https:\/\/scramblestuff.com\/eu\/fr\/wp-json\/wp\/v2\/product_cat?post=95806"},{"taxonomy":"product_tag","embeddable":true,"href":"https:\/\/scramblestuff.com\/eu\/fr\/wp-json\/wp\/v2\/product_tag?post=95806"},{"taxonomy":"giftcard-category","embeddable":true,"href":"https:\/\/scramblestuff.com\/eu\/fr\/wp-json\/wp\/v2\/giftcard-category?post=95806"}],"curies":[{"name":"wp","href":"https:\/\/api.w.org\/{rel}","templated":true}]}}