{"id":95912,"date":"2024-09-03T12:56:13","date_gmt":"2024-09-03T11:56:13","guid":{"rendered":"https:\/\/scramblestuff.com\/eu\/p\/short-senshu-25\/"},"modified":"2025-06-01T21:16:14","modified_gmt":"2025-06-01T20:16:14","slug":"short-senshu-25","status":"publish","type":"product","link":"https:\/\/scramblestuff.com\/eu\/fr\/p\/short-senshu-25\/","title":{"rendered":"Short Senshu &rsquo;25"},"content":{"rendered":"<p>Le nouveau kit Senshu pour la saison 2025. Ce kit a \u00e9t\u00e9 test\u00e9 par les meilleurs athl\u00e8tes de jiujitsu et de grappling du monde sur les plus grandes sc\u00e8nes telles que Polaris, ADCC et CJI. Ce short de grappling est \u00e0 mi-cuisse, un \u00e9quilibre parfait entre forme et fonction. Les couleurs bleu clair s&rsquo;accordent parfaitement avec le reste du kit Senshu no-gi. Le short se termine par une bordure blanche audacieuse et un \u00e9cusson Senshu tiss\u00e9. Il est dot\u00e9 d&rsquo;un cordon de serrage interne.     <\/p>\n","protected":false},"excerpt":{"rendered":"<p>Senshu &rsquo;25 Season Grappling Shorts<br \/>\nEnsemble assorti disponible &#8211; rashguard, short, collant court<br \/>\nTel que port\u00e9 par les grapplers professionnels sur les plus grandes sc\u00e8nes.<\/p>\n","protected":false},"featured_media":89554,"comment_status":"open","ping_status":"closed","template":"","meta":{"_editorskit_title_hidden":false,"_editorskit_reading_time":0,"_editorskit_is_block_options_detached":false,"_editorskit_block_options_position":"{}"},"product_brand":[600],"product_cat":[212,27,278,184,230],"product_tag":[467],"giftcard-category":[],"class_list":{"0":"post-95912","1":"product","2":"type-product","3":"status-publish","4":"has-post-thumbnail","6":"product_brand-scramble","7":"product_cat-lusure-de-combat","8":"product_cat-sale","9":"product_cat-shorts-de-combat","10":"product_cat-tous-les-produits","11":"product_cat-vente","12":"product_tag-senshu-fr","14":"first","15":"instock","16":"sale","17":"taxable","18":"shipping-taxable","19":"purchasable","20":"product-type-variable"},"_links":{"self":[{"href":"https:\/\/scramblestuff.com\/eu\/fr\/wp-json\/wp\/v2\/product\/95912","targetHints":{"allow":["GET"]}}],"collection":[{"href":"https:\/\/scramblestuff.com\/eu\/fr\/wp-json\/wp\/v2\/product"}],"about":[{"href":"https:\/\/scramblestuff.com\/eu\/fr\/wp-json\/wp\/v2\/types\/product"}],"replies":[{"embeddable":true,"href":"https:\/\/scramblestuff.com\/eu\/fr\/wp-json\/wp\/v2\/comments?post=95912"}],"wp:featuredmedia":[{"embeddable":true,"href":"https:\/\/scramblestuff.com\/eu\/fr\/wp-json\/wp\/v2\/media\/89554"}],"wp:attachment":[{"href":"https:\/\/scramblestuff.com\/eu\/fr\/wp-json\/wp\/v2\/media?parent=95912"}],"wp:term":[{"taxonomy":"product_brand","embeddable":true,"href":"https:\/\/scramblestuff.com\/eu\/fr\/wp-json\/wp\/v2\/product_brand?post=95912"},{"taxonomy":"product_cat","embeddable":true,"href":"https:\/\/scramblestuff.com\/eu\/fr\/wp-json\/wp\/v2\/product_cat?post=95912"},{"taxonomy":"product_tag","embeddable":true,"href":"https:\/\/scramblestuff.com\/eu\/fr\/wp-json\/wp\/v2\/product_tag?post=95912"},{"taxonomy":"giftcard-category","embeddable":true,"href":"https:\/\/scramblestuff.com\/eu\/fr\/wp-json\/wp\/v2\/giftcard-category?post=95912"}],"curies":[{"name":"wp","href":"https:\/\/api.w.org\/{rel}","templated":true}]}}