{"id":95919,"date":"2024-09-03T12:39:12","date_gmt":"2024-09-03T11:39:12","guid":{"rendered":"https:\/\/scramblestuff.com\/eu\/p\/senshu-25-short-tights\/"},"modified":"2026-03-25T22:29:20","modified_gmt":"2026-03-25T22:29:20","slug":"senshu-25-short-tights","status":"publish","type":"product","link":"https:\/\/scramblestuff.com\/eu\/fr\/p\/senshu-25-short-tights\/","title":{"rendered":"Senshu `25 Short Tights"},"content":{"rendered":"<p>Le nouveau kit Senshu pour la saison 2025. Ce kit a \u00e9t\u00e9 test\u00e9 par les meilleurs athl\u00e8tes de jiujitsu et de grappling du monde sur les plus grandes sc\u00e8nes telles que Polaris, ADCC et CJI. Ces collants courts sont parfaits pour \u00eatre port\u00e9s sous votre short d&rsquo;entra\u00eenement ou votre gi, pour que tout reste confortable et compact pendant l&rsquo;entra\u00eenement. La couleur bleu clair s&rsquo;accorde parfaitement avec le reste du kit Senshu no-gi. Cordon de serrage interne.<\/p>\n","protected":false},"excerpt":{"rendered":"<p>Collant court Senshu &rsquo;25 Season<br \/>\nEnsemble assorti disponible &#8211; rashguard, short, collant court<br \/>\nTel que port\u00e9 par les grapplers professionnels sur les plus grandes sc\u00e8nes.<\/p>\n","protected":false},"featured_media":89526,"comment_status":"open","ping_status":"closed","template":"","meta":{"_editorskit_title_hidden":false,"_editorskit_reading_time":0,"_editorskit_is_block_options_detached":false,"_editorskit_block_options_position":"{}"},"product_brand":[600],"product_cat":[212,27,292,184,230],"product_tag":[467],"giftcard-category":[],"class_list":{"0":"post-95919","1":"product","2":"type-product","3":"status-publish","4":"has-post-thumbnail","6":"product_brand-scramble","7":"product_cat-lusure-de-combat","8":"product_cat-sale","9":"product_cat-spats-collants","10":"product_cat-tous-les-produits","11":"product_cat-vente","12":"product_tag-senshu-fr","14":"first","15":"instock","16":"sale","17":"taxable","18":"shipping-taxable","19":"purchasable","20":"product-type-variable"},"_links":{"self":[{"href":"https:\/\/scramblestuff.com\/eu\/fr\/wp-json\/wp\/v2\/product\/95919","targetHints":{"allow":["GET"]}}],"collection":[{"href":"https:\/\/scramblestuff.com\/eu\/fr\/wp-json\/wp\/v2\/product"}],"about":[{"href":"https:\/\/scramblestuff.com\/eu\/fr\/wp-json\/wp\/v2\/types\/product"}],"replies":[{"embeddable":true,"href":"https:\/\/scramblestuff.com\/eu\/fr\/wp-json\/wp\/v2\/comments?post=95919"}],"wp:featuredmedia":[{"embeddable":true,"href":"https:\/\/scramblestuff.com\/eu\/fr\/wp-json\/wp\/v2\/media\/89526"}],"wp:attachment":[{"href":"https:\/\/scramblestuff.com\/eu\/fr\/wp-json\/wp\/v2\/media?parent=95919"}],"wp:term":[{"taxonomy":"product_brand","embeddable":true,"href":"https:\/\/scramblestuff.com\/eu\/fr\/wp-json\/wp\/v2\/product_brand?post=95919"},{"taxonomy":"product_cat","embeddable":true,"href":"https:\/\/scramblestuff.com\/eu\/fr\/wp-json\/wp\/v2\/product_cat?post=95919"},{"taxonomy":"product_tag","embeddable":true,"href":"https:\/\/scramblestuff.com\/eu\/fr\/wp-json\/wp\/v2\/product_tag?post=95919"},{"taxonomy":"giftcard-category","embeddable":true,"href":"https:\/\/scramblestuff.com\/eu\/fr\/wp-json\/wp\/v2\/giftcard-category?post=95919"}],"curies":[{"name":"wp","href":"https:\/\/api.w.org\/{rel}","templated":true}]}}