{"id":95926,"date":"2024-05-29T15:52:22","date_gmt":"2025-06-01T20:20:15","guid":{"rendered":"https:\/\/scramblestuff.com\/eu\/p\/puff-print-zip-up-hoody-black\/"},"modified":"2025-06-01T21:20:15","modified_gmt":"2025-06-01T20:20:15","slug":"puff-print-zip-up-hoody-black","status":"publish","type":"product","link":"https:\/\/scramblestuff.com\/eu\/fr\/p\/puff-print-zip-up-hoody-black\/","title":{"rendered":"Puff Print Zip &#8211; Up Hoody &#8211; Black"},"content":{"rendered":"<p>Ce sweat \u00e0 capuche confortable et de qualit\u00e9 sup\u00e9rieure pr\u00e9sente une coupe carr\u00e9e \u00e0 \u00e9paules tombantes, un subtil logo Scramble brod\u00e9 au centre de la poitrine et un logotype embl\u00e9matique Scramble appliqu\u00e9 en impression bouffante dans le dos.<\/p>\n","protected":false},"excerpt":{"rendered":"<p>Mat\u00e9riaux de qualit\u00e9 sup\u00e9rieure Coupe surdimensionn\u00e9e Int\u00e9rieur doux et bross\u00e9<\/p>\n","protected":false},"featured_media":88359,"comment_status":"open","ping_status":"closed","template":"","meta":{"_editorskit_title_hidden":false,"_editorskit_reading_time":0,"_editorskit_is_block_options_detached":false,"_editorskit_block_options_position":"{}"},"product_brand":[600],"product_cat":[192,184,230,188],"product_tag":[],"giftcard-category":[],"class_list":{"0":"post-95926","1":"product","2":"type-product","3":"status-publish","4":"has-post-thumbnail","6":"product_brand-scramble","7":"product_cat-capots-sweats","8":"product_cat-tous-les-produits","9":"product_cat-vente","10":"product_cat-vetement-de-tous-les-jours","12":"first","13":"outofstock","14":"taxable","15":"shipping-taxable","16":"purchasable","17":"product-type-variable"},"_links":{"self":[{"href":"https:\/\/scramblestuff.com\/eu\/fr\/wp-json\/wp\/v2\/product\/95926","targetHints":{"allow":["GET"]}}],"collection":[{"href":"https:\/\/scramblestuff.com\/eu\/fr\/wp-json\/wp\/v2\/product"}],"about":[{"href":"https:\/\/scramblestuff.com\/eu\/fr\/wp-json\/wp\/v2\/types\/product"}],"replies":[{"embeddable":true,"href":"https:\/\/scramblestuff.com\/eu\/fr\/wp-json\/wp\/v2\/comments?post=95926"}],"wp:featuredmedia":[{"embeddable":true,"href":"https:\/\/scramblestuff.com\/eu\/fr\/wp-json\/wp\/v2\/media\/88359"}],"wp:attachment":[{"href":"https:\/\/scramblestuff.com\/eu\/fr\/wp-json\/wp\/v2\/media?parent=95926"}],"wp:term":[{"taxonomy":"product_brand","embeddable":true,"href":"https:\/\/scramblestuff.com\/eu\/fr\/wp-json\/wp\/v2\/product_brand?post=95926"},{"taxonomy":"product_cat","embeddable":true,"href":"https:\/\/scramblestuff.com\/eu\/fr\/wp-json\/wp\/v2\/product_cat?post=95926"},{"taxonomy":"product_tag","embeddable":true,"href":"https:\/\/scramblestuff.com\/eu\/fr\/wp-json\/wp\/v2\/product_tag?post=95926"},{"taxonomy":"giftcard-category","embeddable":true,"href":"https:\/\/scramblestuff.com\/eu\/fr\/wp-json\/wp\/v2\/giftcard-category?post=95926"}],"curies":[{"name":"wp","href":"https:\/\/api.w.org\/{rel}","templated":true}]}}