{"id":95938,"date":"2024-05-28T11:17:20","date_gmt":"2025-06-01T20:27:15","guid":{"rendered":"https:\/\/scramblestuff.com\/eu\/p\/imanari-rollman-rashguard\/"},"modified":"2025-06-01T21:27:15","modified_gmt":"2025-06-01T20:27:15","slug":"imanari-rollman-rashguard","status":"publish","type":"product","link":"https:\/\/scramblestuff.com\/eu\/fr\/p\/imanari-rollman-rashguard\/","title":{"rendered":"Imanari Rollman Rashguard"},"content":{"rendered":"<p>Ensemble Imanari \u00ab Rollman \u00bb no gi, con\u00e7u en collaboration avec Masakazu Imanari et vendu uniquement par Scramble et nos revendeurs agr\u00e9\u00e9s, ainsi qu&rsquo;au Dojo Imanari \u00e0 Tokyo. Il s&rsquo;agit d&rsquo;un petit bonhomme (M. Imanari) pris en flagrant d\u00e9lit de roulade d&rsquo;Imanari, probablement sur le point de lac\u00e9rer les ligaments d&rsquo;un pauvre imb\u00e9cile qui ne se doute de rien.<\/p>\n","protected":false},"excerpt":{"rendered":"<p>Con\u00e7u en collaboration avec Masakazu Imanari<\/p>\n<p>Une coupe et un toucher haut de gamme<\/p>\n<p>Augmenter les comp\u00e9tences en mati\u00e8re de blocage de jambe d&rsquo;un milliard<\/p>\n","protected":false},"featured_media":88399,"comment_status":"open","ping_status":"closed","template":"","meta":{"_editorskit_title_hidden":false,"_editorskit_reading_time":0,"_editorskit_is_block_options_detached":false,"_editorskit_block_options_position":"{}"},"product_brand":[600],"product_cat":[212,280,184],"product_tag":[669],"giftcard-category":[],"class_list":{"0":"post-95938","1":"product","2":"type-product","3":"status-publish","4":"has-post-thumbnail","6":"product_brand-scramble","7":"product_cat-lusure-de-combat","8":"product_cat-rashguards-fr","9":"product_cat-tous-les-produits","10":"product_tag-imanarirollman-fr","12":"first","13":"instock","14":"taxable","15":"shipping-taxable","16":"purchasable","17":"product-type-variable"},"_links":{"self":[{"href":"https:\/\/scramblestuff.com\/eu\/fr\/wp-json\/wp\/v2\/product\/95938","targetHints":{"allow":["GET"]}}],"collection":[{"href":"https:\/\/scramblestuff.com\/eu\/fr\/wp-json\/wp\/v2\/product"}],"about":[{"href":"https:\/\/scramblestuff.com\/eu\/fr\/wp-json\/wp\/v2\/types\/product"}],"replies":[{"embeddable":true,"href":"https:\/\/scramblestuff.com\/eu\/fr\/wp-json\/wp\/v2\/comments?post=95938"}],"wp:featuredmedia":[{"embeddable":true,"href":"https:\/\/scramblestuff.com\/eu\/fr\/wp-json\/wp\/v2\/media\/88399"}],"wp:attachment":[{"href":"https:\/\/scramblestuff.com\/eu\/fr\/wp-json\/wp\/v2\/media?parent=95938"}],"wp:term":[{"taxonomy":"product_brand","embeddable":true,"href":"https:\/\/scramblestuff.com\/eu\/fr\/wp-json\/wp\/v2\/product_brand?post=95938"},{"taxonomy":"product_cat","embeddable":true,"href":"https:\/\/scramblestuff.com\/eu\/fr\/wp-json\/wp\/v2\/product_cat?post=95938"},{"taxonomy":"product_tag","embeddable":true,"href":"https:\/\/scramblestuff.com\/eu\/fr\/wp-json\/wp\/v2\/product_tag?post=95938"},{"taxonomy":"giftcard-category","embeddable":true,"href":"https:\/\/scramblestuff.com\/eu\/fr\/wp-json\/wp\/v2\/giftcard-category?post=95938"}],"curies":[{"name":"wp","href":"https:\/\/api.w.org\/{rel}","templated":true}]}}