{"id":95951,"date":"2024-05-28T11:16:20","date_gmt":"2025-06-01T22:18:54","guid":{"rendered":"https:\/\/scramblestuff.com\/eu\/p\/logo-oversized-tee-black\/"},"modified":"2025-06-01T23:18:54","modified_gmt":"2025-06-01T22:18:54","slug":"logo-oversized-tee-black","status":"publish","type":"product","link":"https:\/\/scramblestuff.com\/eu\/fr\/p\/logo-oversized-tee-black\/","title":{"rendered":"Logo Oversized Tee &#8211; Black"},"content":{"rendered":"<p>Ce tee-shirt simple et discret pr\u00e9sente une coupe confortable et surdimensionn\u00e9e, ainsi qu&rsquo;un subtil logo Scramble brod\u00e9 au centre de la poitrine. Tout est fabriqu\u00e9 selon des crit\u00e8res tr\u00e8s stricts. Si les t-shirts \u00e9taient des ceintures de jiujitsu, ceux-ci seraient des ceintures noires avec quelques rayures. Il ne s&rsquo;agit pas d&rsquo;une ceinture corail, car elles sont tr\u00e8s anciennes.   <\/p>\n","protected":false},"excerpt":{"rendered":"<p>Mat\u00e9riaux de qualit\u00e9 sup\u00e9rieure Coupe oversize Tee-shirt lourd<\/p>\n","protected":false},"featured_media":88099,"comment_status":"open","ping_status":"closed","template":"","meta":{"_editorskit_title_hidden":false,"_editorskit_reading_time":0,"_editorskit_is_block_options_detached":false,"_editorskit_block_options_position":"{}"},"product_brand":[],"product_cat":[208,230,188],"product_tag":[],"giftcard-category":[],"class_list":{"0":"post-95951","1":"product","2":"type-product","3":"status-publish","4":"has-post-thumbnail","6":"product_cat-t-shirts-fr","7":"product_cat-vente","8":"product_cat-vetement-de-tous-les-jours","10":"first","11":"outofstock","12":"taxable","13":"shipping-taxable","14":"purchasable","15":"product-type-variable"},"_links":{"self":[{"href":"https:\/\/scramblestuff.com\/eu\/fr\/wp-json\/wp\/v2\/product\/95951","targetHints":{"allow":["GET"]}}],"collection":[{"href":"https:\/\/scramblestuff.com\/eu\/fr\/wp-json\/wp\/v2\/product"}],"about":[{"href":"https:\/\/scramblestuff.com\/eu\/fr\/wp-json\/wp\/v2\/types\/product"}],"replies":[{"embeddable":true,"href":"https:\/\/scramblestuff.com\/eu\/fr\/wp-json\/wp\/v2\/comments?post=95951"}],"wp:featuredmedia":[{"embeddable":true,"href":"https:\/\/scramblestuff.com\/eu\/fr\/wp-json\/wp\/v2\/media\/88099"}],"wp:attachment":[{"href":"https:\/\/scramblestuff.com\/eu\/fr\/wp-json\/wp\/v2\/media?parent=95951"}],"wp:term":[{"taxonomy":"product_brand","embeddable":true,"href":"https:\/\/scramblestuff.com\/eu\/fr\/wp-json\/wp\/v2\/product_brand?post=95951"},{"taxonomy":"product_cat","embeddable":true,"href":"https:\/\/scramblestuff.com\/eu\/fr\/wp-json\/wp\/v2\/product_cat?post=95951"},{"taxonomy":"product_tag","embeddable":true,"href":"https:\/\/scramblestuff.com\/eu\/fr\/wp-json\/wp\/v2\/product_tag?post=95951"},{"taxonomy":"giftcard-category","embeddable":true,"href":"https:\/\/scramblestuff.com\/eu\/fr\/wp-json\/wp\/v2\/giftcard-category?post=95951"}],"curies":[{"name":"wp","href":"https:\/\/api.w.org\/{rel}","templated":true}]}}