{"id":95965,"date":"2024-05-28T11:16:19","date_gmt":"2025-06-01T22:27:09","guid":{"rendered":"https:\/\/scramblestuff.com\/eu\/p\/logo-oversized-tee-navy\/"},"modified":"2025-06-01T23:27:09","modified_gmt":"2025-06-01T22:27:09","slug":"logo-oversized-tee-navy","status":"publish","type":"product","link":"https:\/\/scramblestuff.com\/eu\/fr\/p\/logo-oversized-tee-navy\/","title":{"rendered":"Logo Oversized Tee &#8211; Navy"},"content":{"rendered":"<p>Ce tee-shirt simple et discret pr\u00e9sente une coupe confortable et surdimensionn\u00e9e, et un subtil logo Scramble brod\u00e9 au centre de la poitrine. Tout est fabriqu\u00e9 selon des sp\u00e9cifications tr\u00e8s \u00e9lev\u00e9es. Si les t-shirts \u00e9taient des ceintures de jiujitsu, ils seraient des ceintures noires avec quelques rayures. Pas de ceinture en corail car elles sont tr\u00e8s anciennes.<\/p>\n","protected":false},"excerpt":{"rendered":"<p>Mat\u00e9riaux de premi\u00e8re qualit\u00e9<\/p>\n<p>Coupe oversize<\/p>\n<p>Tee-shirt lourd<\/p>\n","protected":false},"featured_media":88139,"comment_status":"open","ping_status":"closed","template":"","meta":{"_editorskit_title_hidden":false,"_editorskit_reading_time":0,"_editorskit_is_block_options_detached":false,"_editorskit_block_options_position":"{}"},"product_brand":[],"product_cat":[27,208,184,230,188],"product_tag":[],"giftcard-category":[],"class_list":{"0":"post-95965","1":"product","2":"type-product","3":"status-publish","4":"has-post-thumbnail","6":"product_cat-sale","7":"product_cat-t-shirts-fr","8":"product_cat-tous-les-produits","9":"product_cat-vente","10":"product_cat-vetement-de-tous-les-jours","12":"first","13":"instock","14":"taxable","15":"shipping-taxable","16":"purchasable","17":"product-type-variable"},"_links":{"self":[{"href":"https:\/\/scramblestuff.com\/eu\/fr\/wp-json\/wp\/v2\/product\/95965","targetHints":{"allow":["GET"]}}],"collection":[{"href":"https:\/\/scramblestuff.com\/eu\/fr\/wp-json\/wp\/v2\/product"}],"about":[{"href":"https:\/\/scramblestuff.com\/eu\/fr\/wp-json\/wp\/v2\/types\/product"}],"replies":[{"embeddable":true,"href":"https:\/\/scramblestuff.com\/eu\/fr\/wp-json\/wp\/v2\/comments?post=95965"}],"wp:featuredmedia":[{"embeddable":true,"href":"https:\/\/scramblestuff.com\/eu\/fr\/wp-json\/wp\/v2\/media\/88139"}],"wp:attachment":[{"href":"https:\/\/scramblestuff.com\/eu\/fr\/wp-json\/wp\/v2\/media?parent=95965"}],"wp:term":[{"taxonomy":"product_brand","embeddable":true,"href":"https:\/\/scramblestuff.com\/eu\/fr\/wp-json\/wp\/v2\/product_brand?post=95965"},{"taxonomy":"product_cat","embeddable":true,"href":"https:\/\/scramblestuff.com\/eu\/fr\/wp-json\/wp\/v2\/product_cat?post=95965"},{"taxonomy":"product_tag","embeddable":true,"href":"https:\/\/scramblestuff.com\/eu\/fr\/wp-json\/wp\/v2\/product_tag?post=95965"},{"taxonomy":"giftcard-category","embeddable":true,"href":"https:\/\/scramblestuff.com\/eu\/fr\/wp-json\/wp\/v2\/giftcard-category?post=95965"}],"curies":[{"name":"wp","href":"https:\/\/api.w.org\/{rel}","templated":true}]}}