{"id":95979,"date":"2024-05-20T11:32:07","date_gmt":"2025-06-01T22:29:29","guid":{"rendered":"https:\/\/scramblestuff.com\/eu\/p\/obi-bjj-finger-tape\/"},"modified":"2026-02-22T15:21:37","modified_gmt":"2026-02-22T15:21:37","slug":"obi-bjj-finger-tape","status":"publish","type":"product","link":"https:\/\/scramblestuff.com\/eu\/fr\/p\/obi-bjj-finger-tape\/","title":{"rendered":"Obi BJJ Finger Tape"},"content":{"rendered":"<p>Cette bande de coton de qualit\u00e9 sup\u00e9rieure est livr\u00e9e dans une bo\u00eete r\u00e9utilisable de haute qualit\u00e9 pour prot\u00e9ger votre bande de tous les d\u00e9tritus de votre sac d&rsquo;entra\u00eenement. Le ruban adh\u00e9sif en coton est id\u00e9al pour renforcer les articulations de vos doigts ou mettre des bandes sur votre ceinture. Veuillez noter que vous devez demander \u00e0 votre instructeur de faire vos rayures.<\/p>\n","protected":false},"excerpt":{"rendered":"<p>3 rouleaux de ruban adh\u00e9sif de 1cm x 10m<br \/>\n100% Coton<br \/>\nId\u00e9al pour les doigts ou les bandes sur les ceintures<\/p>\n","protected":false},"featured_media":83766,"comment_status":"open","ping_status":"closed","template":"","meta":{"_editorskit_title_hidden":false,"_editorskit_reading_time":0,"_editorskit_is_block_options_detached":false,"_editorskit_block_options_position":"{}"},"product_brand":[],"product_cat":[180,184],"product_tag":[],"giftcard-category":[],"class_list":{"0":"post-95979","1":"product","2":"type-product","3":"status-publish","4":"has-post-thumbnail","6":"product_cat-accessoires","7":"product_cat-tous-les-produits","9":"first","10":"instock","11":"taxable","12":"shipping-taxable","13":"purchasable","14":"product-type-simple"},"_links":{"self":[{"href":"https:\/\/scramblestuff.com\/eu\/fr\/wp-json\/wp\/v2\/product\/95979","targetHints":{"allow":["GET"]}}],"collection":[{"href":"https:\/\/scramblestuff.com\/eu\/fr\/wp-json\/wp\/v2\/product"}],"about":[{"href":"https:\/\/scramblestuff.com\/eu\/fr\/wp-json\/wp\/v2\/types\/product"}],"replies":[{"embeddable":true,"href":"https:\/\/scramblestuff.com\/eu\/fr\/wp-json\/wp\/v2\/comments?post=95979"}],"wp:featuredmedia":[{"embeddable":true,"href":"https:\/\/scramblestuff.com\/eu\/fr\/wp-json\/wp\/v2\/media\/83766"}],"wp:attachment":[{"href":"https:\/\/scramblestuff.com\/eu\/fr\/wp-json\/wp\/v2\/media?parent=95979"}],"wp:term":[{"taxonomy":"product_brand","embeddable":true,"href":"https:\/\/scramblestuff.com\/eu\/fr\/wp-json\/wp\/v2\/product_brand?post=95979"},{"taxonomy":"product_cat","embeddable":true,"href":"https:\/\/scramblestuff.com\/eu\/fr\/wp-json\/wp\/v2\/product_cat?post=95979"},{"taxonomy":"product_tag","embeddable":true,"href":"https:\/\/scramblestuff.com\/eu\/fr\/wp-json\/wp\/v2\/product_tag?post=95979"},{"taxonomy":"giftcard-category","embeddable":true,"href":"https:\/\/scramblestuff.com\/eu\/fr\/wp-json\/wp\/v2\/giftcard-category?post=95979"}],"curies":[{"name":"wp","href":"https:\/\/api.w.org\/{rel}","templated":true}]}}