{"id":95980,"date":"2024-05-14T11:34:50","date_gmt":"2024-05-14T10:34:50","guid":{"rendered":"https:\/\/scramblestuff.com\/eu\/p\/ranked-rashguard-black\/"},"modified":"2026-04-07T09:58:25","modified_gmt":"2026-04-07T08:58:25","slug":"ranked-rashguard-black","status":"publish","type":"product","link":"https:\/\/scramblestuff.com\/eu\/fr\/p\/ranked-rashguard-black\/","title":{"rendered":"Ranked Rashguard &#8211; Black"},"content":{"rendered":"<p>Nos rashguards class\u00e9s suivent toutes les directives de l&rsquo;IBJJF pour les rashguards de couleur de grade, avec des accents de grade de ceinture qui repr\u00e9sentent le pourcentage requis pour participer aux comp\u00e9titions de l&rsquo;IBJJF, ou simplement pour s&rsquo;entra\u00eener et participer \u00e0 des comp\u00e9titions de jiujitsu no gi avec des v\u00eatements bas\u00e9s sur votre grade. Les rashguards sont fabriqu\u00e9s avec un m\u00e9lange de polyester sup\u00e9rieur qui r\u00e9duit le boulochage, ainsi qu&rsquo;avec des coutures et des panneaux de haute qualit\u00e9 qui bougent avec votre corps. <\/p>\n","protected":false},"excerpt":{"rendered":"<p>Conforme aux directives de l&rsquo;IBJJF Mat\u00e9riaux et construction de qualit\u00e9 sup\u00e9rieure Design subtil inspir\u00e9 de l&rsquo;uniforme des pompiers de l&rsquo;\u00e8re Edo<\/p>\n","protected":false},"featured_media":88499,"comment_status":"open","ping_status":"closed","template":"","meta":{"_editorskit_title_hidden":false,"_editorskit_reading_time":0,"_editorskit_is_block_options_detached":false,"_editorskit_block_options_position":"{}"},"product_brand":[],"product_cat":[212,280,27,184,230],"product_tag":[670],"giftcard-category":[],"class_list":{"0":"post-95980","1":"product","2":"type-product","3":"status-publish","4":"has-post-thumbnail","6":"product_cat-lusure-de-combat","7":"product_cat-rashguards-fr","8":"product_cat-sale","9":"product_cat-tous-les-produits","10":"product_cat-vente","11":"product_tag-classedrash","13":"first","14":"instock","15":"sale","16":"taxable","17":"shipping-taxable","18":"purchasable","19":"product-type-variable"},"_links":{"self":[{"href":"https:\/\/scramblestuff.com\/eu\/fr\/wp-json\/wp\/v2\/product\/95980","targetHints":{"allow":["GET"]}}],"collection":[{"href":"https:\/\/scramblestuff.com\/eu\/fr\/wp-json\/wp\/v2\/product"}],"about":[{"href":"https:\/\/scramblestuff.com\/eu\/fr\/wp-json\/wp\/v2\/types\/product"}],"replies":[{"embeddable":true,"href":"https:\/\/scramblestuff.com\/eu\/fr\/wp-json\/wp\/v2\/comments?post=95980"}],"wp:featuredmedia":[{"embeddable":true,"href":"https:\/\/scramblestuff.com\/eu\/fr\/wp-json\/wp\/v2\/media\/88499"}],"wp:attachment":[{"href":"https:\/\/scramblestuff.com\/eu\/fr\/wp-json\/wp\/v2\/media?parent=95980"}],"wp:term":[{"taxonomy":"product_brand","embeddable":true,"href":"https:\/\/scramblestuff.com\/eu\/fr\/wp-json\/wp\/v2\/product_brand?post=95980"},{"taxonomy":"product_cat","embeddable":true,"href":"https:\/\/scramblestuff.com\/eu\/fr\/wp-json\/wp\/v2\/product_cat?post=95980"},{"taxonomy":"product_tag","embeddable":true,"href":"https:\/\/scramblestuff.com\/eu\/fr\/wp-json\/wp\/v2\/product_tag?post=95980"},{"taxonomy":"giftcard-category","embeddable":true,"href":"https:\/\/scramblestuff.com\/eu\/fr\/wp-json\/wp\/v2\/giftcard-category?post=95980"}],"curies":[{"name":"wp","href":"https:\/\/api.w.org\/{rel}","templated":true}]}}