{"id":96222,"date":"2024-05-14T11:34:50","date_gmt":"2024-05-14T10:34:50","guid":{"rendered":"https:\/\/scramblestuff.com\/eu\/p\/ranked-rashguard-purple\/"},"modified":"2025-11-19T09:57:07","modified_gmt":"2025-11-19T09:57:07","slug":"ranked-rashguard-purple","status":"publish","type":"product","link":"https:\/\/scramblestuff.com\/eu\/fr\/p\/ranked-rashguard-purple\/","title":{"rendered":"Ranked Rashguard &#8211; Purple"},"content":{"rendered":"<p>Nos rashguards class\u00e9s suivent toutes les directives de l&rsquo;IBJJF pour les rashguards de couleur de grade, avec des accents dans le grade de ceinture qui repr\u00e9sentent le pourcentage requis pour participer aux comp\u00e9titions de l&rsquo;IBJJF, ou simplement pour s&rsquo;entra\u00eener et participer aux comp\u00e9titions de jiujitsu no gi avec des v\u00eatements bas\u00e9s sur votre grade. Les rashguards sont fabriqu\u00e9s avec un m\u00e9lange de polyester sup\u00e9rieur qui r\u00e9duit le boulochage, ainsi qu&rsquo;avec des coutures de haute qualit\u00e9 et des panneaux qui bougent avec votre corps.<\/p>\n","protected":false},"excerpt":{"rendered":"<p>Respect des directives de l&rsquo;IBJJF<\/p>\n<p>Mat\u00e9riaux et construction de tr\u00e8s haute qualit\u00e9<\/p>\n<p>Design subtil inspir\u00e9 de l&rsquo;uniforme des pompiers de l&rsquo;\u00e8re Edo<\/p>\n","protected":false},"featured_media":88619,"comment_status":"open","ping_status":"closed","template":"","meta":{"_editorskit_title_hidden":false,"_editorskit_reading_time":0,"_editorskit_is_block_options_detached":false,"_editorskit_block_options_position":"{}"},"product_brand":[],"product_cat":[212,280,27,184,230],"product_tag":[670],"giftcard-category":[],"class_list":{"0":"post-96222","1":"product","2":"type-product","3":"status-publish","4":"has-post-thumbnail","6":"product_cat-lusure-de-combat","7":"product_cat-rashguards-fr","8":"product_cat-sale","9":"product_cat-tous-les-produits","10":"product_cat-vente","11":"product_tag-classedrash","13":"first","14":"outofstock","15":"taxable","16":"shipping-taxable","17":"purchasable","18":"product-type-variable"},"_links":{"self":[{"href":"https:\/\/scramblestuff.com\/eu\/fr\/wp-json\/wp\/v2\/product\/96222","targetHints":{"allow":["GET"]}}],"collection":[{"href":"https:\/\/scramblestuff.com\/eu\/fr\/wp-json\/wp\/v2\/product"}],"about":[{"href":"https:\/\/scramblestuff.com\/eu\/fr\/wp-json\/wp\/v2\/types\/product"}],"replies":[{"embeddable":true,"href":"https:\/\/scramblestuff.com\/eu\/fr\/wp-json\/wp\/v2\/comments?post=96222"}],"wp:featuredmedia":[{"embeddable":true,"href":"https:\/\/scramblestuff.com\/eu\/fr\/wp-json\/wp\/v2\/media\/88619"}],"wp:attachment":[{"href":"https:\/\/scramblestuff.com\/eu\/fr\/wp-json\/wp\/v2\/media?parent=96222"}],"wp:term":[{"taxonomy":"product_brand","embeddable":true,"href":"https:\/\/scramblestuff.com\/eu\/fr\/wp-json\/wp\/v2\/product_brand?post=96222"},{"taxonomy":"product_cat","embeddable":true,"href":"https:\/\/scramblestuff.com\/eu\/fr\/wp-json\/wp\/v2\/product_cat?post=96222"},{"taxonomy":"product_tag","embeddable":true,"href":"https:\/\/scramblestuff.com\/eu\/fr\/wp-json\/wp\/v2\/product_tag?post=96222"},{"taxonomy":"giftcard-category","embeddable":true,"href":"https:\/\/scramblestuff.com\/eu\/fr\/wp-json\/wp\/v2\/giftcard-category?post=96222"}],"curies":[{"name":"wp","href":"https:\/\/api.w.org\/{rel}","templated":true}]}}