{"id":96229,"date":"2023-12-14T13:13:28","date_gmt":"2023-12-14T13:13:28","guid":{"rendered":"https:\/\/scramblestuff.com\/eu\/p\/kids-belt-solid-colour\/"},"modified":"2025-06-19T21:08:22","modified_gmt":"2025-06-19T20:08:22","slug":"kids-belt-solid-colour","status":"publish","type":"product","link":"https:\/\/scramblestuff.com\/eu\/fr\/p\/kids-belt-solid-colour\/","title":{"rendered":"Kids Belt &#8211; Solid Colour"},"content":{"rendered":"<p>En appliquant nos normes \u00e9lev\u00e9es aux produits pour enfants, nous proposons une gamme de ceintures pour enfants conformes aux normes de l&rsquo;IBJJF pour le jiujitsu pour enfants. L&rsquo;image de marque comporte le kanji \u00ab tanren \u00bb &#8211; un message fantastique pour les jeunes qui aspirent \u00e0 pratiquer le jiujitsu. Tanren signifie forger, comme l&rsquo;acier qui est forg\u00e9 dans le feu lors de la fabrication d&rsquo;une \u00e9p\u00e9e.  <\/p>\n<p>Taille des ceintures en CM :<\/p>\n<p>M000 &#8211; 185<\/p>\n<p>M00 &#8211; 195<\/p>\n<p>M0 &#8211; 205<\/p>\n<p>M1 &#8211; 215<\/p>\n<p>M2 &#8211; 230<\/p>\n<p>M3 &#8211; 245<\/p>\n<p>M4 &#8211; 260<\/p>\n","protected":false},"excerpt":{"rendered":"<p>Ceintures pour enfants de haute qualit\u00e9<\/p>\n<p>Conforme aux normes de l&rsquo;IBJJF  <\/p>\n<p>Marque \u00ab Tanren \u00bb de Scramble<\/p>\n","protected":false},"featured_media":87913,"comment_status":"closed","ping_status":"closed","template":"","meta":{"_editorskit_title_hidden":false,"_editorskit_reading_time":0,"_editorskit_is_block_options_detached":false,"_editorskit_block_options_position":"{}"},"product_brand":[],"product_cat":[216,226,212,184],"product_tag":[],"giftcard-category":[],"class_list":{"0":"post-96229","1":"product","2":"type-product","3":"status-publish","4":"has-post-thumbnail","6":"product_cat-bjj-ceintures","7":"product_cat-enfants","8":"product_cat-lusure-de-combat","9":"product_cat-tous-les-produits","11":"first","12":"instock","13":"purchasable","14":"product-type-variable"},"_links":{"self":[{"href":"https:\/\/scramblestuff.com\/eu\/fr\/wp-json\/wp\/v2\/product\/96229","targetHints":{"allow":["GET"]}}],"collection":[{"href":"https:\/\/scramblestuff.com\/eu\/fr\/wp-json\/wp\/v2\/product"}],"about":[{"href":"https:\/\/scramblestuff.com\/eu\/fr\/wp-json\/wp\/v2\/types\/product"}],"replies":[{"embeddable":true,"href":"https:\/\/scramblestuff.com\/eu\/fr\/wp-json\/wp\/v2\/comments?post=96229"}],"wp:featuredmedia":[{"embeddable":true,"href":"https:\/\/scramblestuff.com\/eu\/fr\/wp-json\/wp\/v2\/media\/87913"}],"wp:attachment":[{"href":"https:\/\/scramblestuff.com\/eu\/fr\/wp-json\/wp\/v2\/media?parent=96229"}],"wp:term":[{"taxonomy":"product_brand","embeddable":true,"href":"https:\/\/scramblestuff.com\/eu\/fr\/wp-json\/wp\/v2\/product_brand?post=96229"},{"taxonomy":"product_cat","embeddable":true,"href":"https:\/\/scramblestuff.com\/eu\/fr\/wp-json\/wp\/v2\/product_cat?post=96229"},{"taxonomy":"product_tag","embeddable":true,"href":"https:\/\/scramblestuff.com\/eu\/fr\/wp-json\/wp\/v2\/product_tag?post=96229"},{"taxonomy":"giftcard-category","embeddable":true,"href":"https:\/\/scramblestuff.com\/eu\/fr\/wp-json\/wp\/v2\/giftcard-category?post=96229"}],"curies":[{"name":"wp","href":"https:\/\/api.w.org\/{rel}","templated":true}]}}