{"id":96523,"date":"2024-02-20T14:41:20","date_gmt":"2024-02-20T14:41:20","guid":{"rendered":"https:\/\/scramblestuff.com\/eu\/p\/baka-shorts-or\/"},"modified":"2025-07-07T13:12:49","modified_gmt":"2025-07-07T12:12:49","slug":"baka-shorts-or","status":"publish","type":"product","link":"https:\/\/scramblestuff.com\/eu\/fr\/p\/baka-shorts-or\/","title":{"rendered":"Baka Shorts &#8211; Or"},"content":{"rendered":"<p>Le jeu Baka devait \u00e0 l&rsquo;origine s&rsquo;appeler Baku, comme dans bakuhatsu, ce qui signifie explosion en japonais, car les logos Scramble sont \u00ab\u00a0explos\u00e9s\u00a0\u00bb. Mais nous avons choisi Baka, parce que c&rsquo;est dr\u00f4le, parce que \u00ab\u00a0baka\u00a0\u00bb signifie idiot stupide en japonais. Baka survivant ! Quoi qu&rsquo;il en soit, cela n&rsquo;a pas d&rsquo;importance car il s&rsquo;agit de l&rsquo;un des meilleurs sets no-gi que nous ayons jamais publi\u00e9.<\/p>\n","protected":false},"excerpt":{"rendered":"<p>Logos Scramble surdimensionn\u00e9s qui d\u00e9bordent des coutures<\/p>\n<p>Fait partie de l&rsquo;ensemble BAKA no-gi<\/p>\n<p>Savez-vous ce que signifie Baka ?<\/p>\n<p>Coupe athl\u00e9tique et ajust\u00e9e<\/p>\n<p>Les tailles L, XL et XXL sont l\u00e9g\u00e8rement plus \u00e9troites que le premier lot d&rsquo;ensembles Baka noirs et blancs.<\/p>\n","protected":false},"featured_media":86898,"comment_status":"open","ping_status":"closed","template":"","meta":{"_editorskit_title_hidden":false,"_editorskit_reading_time":0,"_editorskit_is_block_options_detached":false,"_editorskit_block_options_position":"{}"},"product_brand":[],"product_cat":[212,278,184],"product_tag":[466],"giftcard-category":[],"class_list":{"0":"post-96523","1":"product","2":"type-product","3":"status-publish","4":"has-post-thumbnail","6":"product_cat-lusure-de-combat","7":"product_cat-shorts-de-combat","8":"product_cat-tous-les-produits","9":"product_tag-baka-fr","11":"first","12":"instock","13":"taxable","14":"shipping-taxable","15":"purchasable","16":"product-type-variable"},"_links":{"self":[{"href":"https:\/\/scramblestuff.com\/eu\/fr\/wp-json\/wp\/v2\/product\/96523","targetHints":{"allow":["GET"]}}],"collection":[{"href":"https:\/\/scramblestuff.com\/eu\/fr\/wp-json\/wp\/v2\/product"}],"about":[{"href":"https:\/\/scramblestuff.com\/eu\/fr\/wp-json\/wp\/v2\/types\/product"}],"replies":[{"embeddable":true,"href":"https:\/\/scramblestuff.com\/eu\/fr\/wp-json\/wp\/v2\/comments?post=96523"}],"wp:featuredmedia":[{"embeddable":true,"href":"https:\/\/scramblestuff.com\/eu\/fr\/wp-json\/wp\/v2\/media\/86898"}],"wp:attachment":[{"href":"https:\/\/scramblestuff.com\/eu\/fr\/wp-json\/wp\/v2\/media?parent=96523"}],"wp:term":[{"taxonomy":"product_brand","embeddable":true,"href":"https:\/\/scramblestuff.com\/eu\/fr\/wp-json\/wp\/v2\/product_brand?post=96523"},{"taxonomy":"product_cat","embeddable":true,"href":"https:\/\/scramblestuff.com\/eu\/fr\/wp-json\/wp\/v2\/product_cat?post=96523"},{"taxonomy":"product_tag","embeddable":true,"href":"https:\/\/scramblestuff.com\/eu\/fr\/wp-json\/wp\/v2\/product_tag?post=96523"},{"taxonomy":"giftcard-category","embeddable":true,"href":"https:\/\/scramblestuff.com\/eu\/fr\/wp-json\/wp\/v2\/giftcard-category?post=96523"}],"curies":[{"name":"wp","href":"https:\/\/api.w.org\/{rel}","templated":true}]}}