{"id":96551,"date":"2024-02-12T10:35:19","date_gmt":"2025-07-07T12:24:17","guid":{"rendered":"https:\/\/scramblestuff.com\/eu\/p\/viking-rashguard\/"},"modified":"2025-07-07T13:24:17","modified_gmt":"2025-07-07T12:24:17","slug":"viking-rashguard","status":"publish","type":"product","link":"https:\/\/scramblestuff.com\/eu\/fr\/p\/viking-rashguard\/","title":{"rendered":"Viking Rashguard"},"content":{"rendered":"<p>Utilisant notre coupe Tactic tr\u00e8s appr\u00e9ci\u00e9e, qui comporte plusieurs panneaux contre-coud\u00e9s et des aisselles en maille respirante, ce rashguard a un th\u00e8me Viking vif et audacieux. Vous pouvez le porter comme bon vous semble. Ironiquement ? Vous \u00eates une mauviette mais vous aimez les Vikings. Sans ironie ? Vous \u00eates en fait un viking et vous allez piller vos partenaires d&rsquo;entra\u00eenement. Post-ironique ? Vous comprenez l&rsquo;ironie qu&rsquo;il y a \u00e0 porter un rashguard de viking en tant que pacifiste, mais vous l&rsquo;achetez quand m\u00eame parce qu&rsquo;il est incroyablement beau. Et puis, les Vikings, c&rsquo;est cool.        <\/p>\n","protected":false},"excerpt":{"rendered":"<p>\u00ab\u00a0Tactic\u00a0\u00bb Cut rashguard<br \/>\nGraphiques sur le th\u00e8me des vikings<br \/>\nMat\u00e9riaux de qualit\u00e9 sup\u00e9rieure<br \/>\nLitt\u00e9ralement viking<\/p>\n","protected":false},"featured_media":89240,"comment_status":"open","ping_status":"closed","template":"","meta":{"_editorskit_title_hidden":false,"_editorskit_reading_time":0,"_editorskit_is_block_options_detached":false,"_editorskit_block_options_position":"{}"},"product_brand":[],"product_cat":[212,280,230],"product_tag":[],"giftcard-category":[],"class_list":{"0":"post-96551","1":"product","2":"type-product","3":"status-publish","4":"has-post-thumbnail","6":"product_cat-lusure-de-combat","7":"product_cat-rashguards-fr","8":"product_cat-vente","10":"first","11":"outofstock","12":"taxable","13":"shipping-taxable","14":"purchasable","15":"product-type-variable"},"_links":{"self":[{"href":"https:\/\/scramblestuff.com\/eu\/fr\/wp-json\/wp\/v2\/product\/96551","targetHints":{"allow":["GET"]}}],"collection":[{"href":"https:\/\/scramblestuff.com\/eu\/fr\/wp-json\/wp\/v2\/product"}],"about":[{"href":"https:\/\/scramblestuff.com\/eu\/fr\/wp-json\/wp\/v2\/types\/product"}],"replies":[{"embeddable":true,"href":"https:\/\/scramblestuff.com\/eu\/fr\/wp-json\/wp\/v2\/comments?post=96551"}],"wp:featuredmedia":[{"embeddable":true,"href":"https:\/\/scramblestuff.com\/eu\/fr\/wp-json\/wp\/v2\/media\/89240"}],"wp:attachment":[{"href":"https:\/\/scramblestuff.com\/eu\/fr\/wp-json\/wp\/v2\/media?parent=96551"}],"wp:term":[{"taxonomy":"product_brand","embeddable":true,"href":"https:\/\/scramblestuff.com\/eu\/fr\/wp-json\/wp\/v2\/product_brand?post=96551"},{"taxonomy":"product_cat","embeddable":true,"href":"https:\/\/scramblestuff.com\/eu\/fr\/wp-json\/wp\/v2\/product_cat?post=96551"},{"taxonomy":"product_tag","embeddable":true,"href":"https:\/\/scramblestuff.com\/eu\/fr\/wp-json\/wp\/v2\/product_tag?post=96551"},{"taxonomy":"giftcard-category","embeddable":true,"href":"https:\/\/scramblestuff.com\/eu\/fr\/wp-json\/wp\/v2\/giftcard-category?post=96551"}],"curies":[{"name":"wp","href":"https:\/\/api.w.org\/{rel}","templated":true}]}}