{"id":96558,"date":"2024-02-12T10:06:36","date_gmt":"2024-02-12T10:06:36","guid":{"rendered":"https:\/\/scramblestuff.com\/eu\/p\/viking-short\/"},"modified":"2026-03-16T09:49:00","modified_gmt":"2026-03-16T09:49:00","slug":"viking-short","status":"publish","type":"product","link":"https:\/\/scramblestuff.com\/eu\/fr\/p\/viking-short\/","title":{"rendered":"Viking Short"},"content":{"rendered":"<p>Utilisant notre coupe Base tant appr\u00e9ci\u00e9e et am\u00e9lior\u00e9e, ce short de grappling \/ MMA \/ jiujitsu est orn\u00e9 d&rsquo;un viking de mauvaise qualit\u00e9. Vous pouvez le porter comme bon vous semble. Ironiquement ? Vous \u00eates une mauviette mais vous aimez les vikings. Sans ironie ? Vous \u00eates en fait un viking et vous allez piller vos partenaires d&rsquo;entra\u00eenement. Post-ironique ? Vous comprenez l&rsquo;ironie qu&rsquo;il y a \u00e0 porter un ensemble de no gi viking exag\u00e9r\u00e9 en tant que pacifiste, mais vous l&rsquo;achetez quand m\u00eame parce qu&rsquo;il est incroyablement beau. Et puis, les Vikings, c&rsquo;est cool.        <\/p>\n","protected":false},"excerpt":{"rendered":"<p>Short \u00e0 coupe \u00ab\u00a0base\u00a0\u00bb<br \/>\nGraphiques vikings audacieux<br \/>\nMat\u00e9riaux de qualit\u00e9 sup\u00e9rieure<br \/>\nLitt\u00e9ralement viking<\/p>\n","protected":false},"featured_media":89275,"comment_status":"open","ping_status":"closed","template":"","meta":{"_editorskit_title_hidden":false,"_editorskit_reading_time":0,"_editorskit_is_block_options_detached":false,"_editorskit_block_options_position":"{}"},"product_brand":[],"product_cat":[212,27,278,184,230],"product_tag":[],"giftcard-category":[],"class_list":{"0":"post-96558","1":"product","2":"type-product","3":"status-publish","4":"has-post-thumbnail","6":"product_cat-lusure-de-combat","7":"product_cat-sale","8":"product_cat-shorts-de-combat","9":"product_cat-tous-les-produits","10":"product_cat-vente","12":"first","13":"instock","14":"sale","15":"taxable","16":"shipping-taxable","17":"purchasable","18":"product-type-variable"},"_links":{"self":[{"href":"https:\/\/scramblestuff.com\/eu\/fr\/wp-json\/wp\/v2\/product\/96558","targetHints":{"allow":["GET"]}}],"collection":[{"href":"https:\/\/scramblestuff.com\/eu\/fr\/wp-json\/wp\/v2\/product"}],"about":[{"href":"https:\/\/scramblestuff.com\/eu\/fr\/wp-json\/wp\/v2\/types\/product"}],"replies":[{"embeddable":true,"href":"https:\/\/scramblestuff.com\/eu\/fr\/wp-json\/wp\/v2\/comments?post=96558"}],"wp:featuredmedia":[{"embeddable":true,"href":"https:\/\/scramblestuff.com\/eu\/fr\/wp-json\/wp\/v2\/media\/89275"}],"wp:attachment":[{"href":"https:\/\/scramblestuff.com\/eu\/fr\/wp-json\/wp\/v2\/media?parent=96558"}],"wp:term":[{"taxonomy":"product_brand","embeddable":true,"href":"https:\/\/scramblestuff.com\/eu\/fr\/wp-json\/wp\/v2\/product_brand?post=96558"},{"taxonomy":"product_cat","embeddable":true,"href":"https:\/\/scramblestuff.com\/eu\/fr\/wp-json\/wp\/v2\/product_cat?post=96558"},{"taxonomy":"product_tag","embeddable":true,"href":"https:\/\/scramblestuff.com\/eu\/fr\/wp-json\/wp\/v2\/product_tag?post=96558"},{"taxonomy":"giftcard-category","embeddable":true,"href":"https:\/\/scramblestuff.com\/eu\/fr\/wp-json\/wp\/v2\/giftcard-category?post=96558"}],"curies":[{"name":"wp","href":"https:\/\/api.w.org\/{rel}","templated":true}]}}