{"id":96566,"date":"2024-12-05T09:57:33","date_gmt":"2024-12-05T09:57:33","guid":{"rendered":"https:\/\/scramblestuff.com\/eu\/p\/scramble-x-pancrase-combination-shorts\/"},"modified":"2025-07-07T15:33:56","modified_gmt":"2025-07-07T14:33:56","slug":"scramble-x-pancrase-combination-shorts","status":"publish","type":"product","link":"https:\/\/scramblestuff.com\/eu\/fr\/p\/scramble-x-pancrase-combination-shorts\/","title":{"rendered":"Scramble x Pancrase Combination Shorts"},"content":{"rendered":"<p>Le short Scramble x Pancrase Dual-Layer Combination Shorts pr\u00e9sente une conception \u00e0 deux couches bien pens\u00e9e : une couche de compression interne pour le soutien et le confort, et une couche externe pour des mouvements sans restriction. Ce short est con\u00e7u pour la performance, ce qui le rend id\u00e9al pour le BJJ, le grappling non-gi, l&rsquo;entra\u00eenement MMA ou m\u00eame l&rsquo;utilisation occasionnelle en salle de sport. Le design int\u00e8gre des \u00e9l\u00e9ments qui rendent hommage \u00e0 l&rsquo;h\u00e9ritage de Pancrase, une organisation de lutte hybride cr\u00e9\u00e9e en 1993 qui a jet\u00e9 les bases du MMA moderne. En mettant l&rsquo;accent sur la durabilit\u00e9 et la praticit\u00e9, ces shorts offrent un ajustement s\u00fbr et fiable aux grapplers et aux combattants, garantissant qu&rsquo;ils peuvent faire face \u00e0 tout, des techniques de forage aux roulades de haute intensit\u00e9.   <\/p>\n","protected":false},"excerpt":{"rendered":"<p>Collaboration en \u00e9dition limit\u00e9e<br \/>\nLicence officielle de Pancrase<br \/>\nUltra premium, spats int\u00e9rieurs et shorts ext\u00e9rieurs<\/p>\n","protected":false},"featured_media":91600,"comment_status":"open","ping_status":"closed","template":"","meta":{"_editorskit_title_hidden":false,"_editorskit_reading_time":0,"_editorskit_is_block_options_detached":false,"_editorskit_block_options_position":"{}"},"product_brand":[600],"product_cat":[212,184],"product_tag":[621],"giftcard-category":[],"class_list":{"0":"post-96566","1":"product","2":"type-product","3":"status-publish","4":"has-post-thumbnail","6":"product_brand-scramble","7":"product_cat-lusure-de-combat","8":"product_cat-tous-les-produits","9":"product_tag-pancrase-fr","11":"first","12":"instock","13":"taxable","14":"shipping-taxable","15":"purchasable","16":"product-type-variable"},"_links":{"self":[{"href":"https:\/\/scramblestuff.com\/eu\/fr\/wp-json\/wp\/v2\/product\/96566","targetHints":{"allow":["GET"]}}],"collection":[{"href":"https:\/\/scramblestuff.com\/eu\/fr\/wp-json\/wp\/v2\/product"}],"about":[{"href":"https:\/\/scramblestuff.com\/eu\/fr\/wp-json\/wp\/v2\/types\/product"}],"replies":[{"embeddable":true,"href":"https:\/\/scramblestuff.com\/eu\/fr\/wp-json\/wp\/v2\/comments?post=96566"}],"wp:featuredmedia":[{"embeddable":true,"href":"https:\/\/scramblestuff.com\/eu\/fr\/wp-json\/wp\/v2\/media\/91600"}],"wp:attachment":[{"href":"https:\/\/scramblestuff.com\/eu\/fr\/wp-json\/wp\/v2\/media?parent=96566"}],"wp:term":[{"taxonomy":"product_brand","embeddable":true,"href":"https:\/\/scramblestuff.com\/eu\/fr\/wp-json\/wp\/v2\/product_brand?post=96566"},{"taxonomy":"product_cat","embeddable":true,"href":"https:\/\/scramblestuff.com\/eu\/fr\/wp-json\/wp\/v2\/product_cat?post=96566"},{"taxonomy":"product_tag","embeddable":true,"href":"https:\/\/scramblestuff.com\/eu\/fr\/wp-json\/wp\/v2\/product_tag?post=96566"},{"taxonomy":"giftcard-category","embeddable":true,"href":"https:\/\/scramblestuff.com\/eu\/fr\/wp-json\/wp\/v2\/giftcard-category?post=96566"}],"curies":[{"name":"wp","href":"https:\/\/api.w.org\/{rel}","templated":true}]}}