{"id":96573,"date":"2024-09-26T14:21:05","date_gmt":"2024-09-26T13:21:05","guid":{"rendered":"https:\/\/scramblestuff.com\/eu\/p\/dorai-training-top\/"},"modified":"2026-03-27T07:06:37","modified_gmt":"2026-03-27T07:06:37","slug":"dorai-training-top","status":"publish","type":"product","link":"https:\/\/scramblestuff.com\/eu\/fr\/p\/dorai-training-top\/","title":{"rendered":"Dorai Training Top"},"content":{"rendered":"<p>Ce haut d&rsquo;entra\u00eenement l\u00e9g\u00e8rement textur\u00e9 de style \u00ab dry fit \u00bb est plus ample qu&rsquo;un rashguard, ce qui vous donne une plus grande libert\u00e9 de mouvement et vous permet de dissimuler vos bourrelets, ce qui est tr\u00e8s appr\u00e9ciable. Le haut est \u00e9galement plus long au niveau du corps, parfait pour se couvrir ou se glisser dans un short (ou un pantalon gi). Le haut est stylis\u00e9 comme un maillot de football et comporte le logo de Plus Alpha, un projet secret sur lequel nous travaillons.<\/p>\n","protected":false},"excerpt":{"rendered":"<p>Haut d&rsquo;entra\u00eenement de poids moyen, l\u00e9g\u00e8rement textur\u00e9<br \/>\nPas aussi moulant qu&rsquo;un rashguard<br \/>\nComme un haut de football, mais en plus frais<\/p>\n","protected":false},"featured_media":89891,"comment_status":"open","ping_status":"closed","template":"","meta":{"_editorskit_title_hidden":false,"_editorskit_reading_time":0,"_editorskit_is_block_options_detached":false,"_editorskit_block_options_position":"{}"},"product_brand":[600],"product_cat":[212,280,184],"product_tag":[],"giftcard-category":[],"class_list":{"0":"post-96573","1":"product","2":"type-product","3":"status-publish","4":"has-post-thumbnail","6":"product_brand-scramble","7":"product_cat-lusure-de-combat","8":"product_cat-rashguards-fr","9":"product_cat-tous-les-produits","11":"first","12":"instock","13":"taxable","14":"shipping-taxable","15":"purchasable","16":"product-type-variable"},"_links":{"self":[{"href":"https:\/\/scramblestuff.com\/eu\/fr\/wp-json\/wp\/v2\/product\/96573","targetHints":{"allow":["GET"]}}],"collection":[{"href":"https:\/\/scramblestuff.com\/eu\/fr\/wp-json\/wp\/v2\/product"}],"about":[{"href":"https:\/\/scramblestuff.com\/eu\/fr\/wp-json\/wp\/v2\/types\/product"}],"replies":[{"embeddable":true,"href":"https:\/\/scramblestuff.com\/eu\/fr\/wp-json\/wp\/v2\/comments?post=96573"}],"wp:featuredmedia":[{"embeddable":true,"href":"https:\/\/scramblestuff.com\/eu\/fr\/wp-json\/wp\/v2\/media\/89891"}],"wp:attachment":[{"href":"https:\/\/scramblestuff.com\/eu\/fr\/wp-json\/wp\/v2\/media?parent=96573"}],"wp:term":[{"taxonomy":"product_brand","embeddable":true,"href":"https:\/\/scramblestuff.com\/eu\/fr\/wp-json\/wp\/v2\/product_brand?post=96573"},{"taxonomy":"product_cat","embeddable":true,"href":"https:\/\/scramblestuff.com\/eu\/fr\/wp-json\/wp\/v2\/product_cat?post=96573"},{"taxonomy":"product_tag","embeddable":true,"href":"https:\/\/scramblestuff.com\/eu\/fr\/wp-json\/wp\/v2\/product_tag?post=96573"},{"taxonomy":"giftcard-category","embeddable":true,"href":"https:\/\/scramblestuff.com\/eu\/fr\/wp-json\/wp\/v2\/giftcard-category?post=96573"}],"curies":[{"name":"wp","href":"https:\/\/api.w.org\/{rel}","templated":true}]}}