{"id":97008,"date":"2024-02-12T09:30:32","date_gmt":"2025-07-24T18:49:36","guid":{"rendered":"https:\/\/scramblestuff.com\/eu\/p\/okami-rashguard\/"},"modified":"2025-07-24T19:49:36","modified_gmt":"2025-07-24T18:49:36","slug":"okami-rashguard","status":"publish","type":"product","link":"https:\/\/scramblestuff.com\/eu\/fr\/p\/okami-rashguard\/","title":{"rendered":"Okami Rashguard"},"content":{"rendered":"<p>Utilisant notre coupe Tactic tr\u00e8s appr\u00e9ci\u00e9e, qui comporte de multiples panneaux contre-coud\u00e9s et des aisselles en mesh respirant, ce rashguard a un th\u00e8me vif et audacieux avec un loup sacr\u00e9ment m\u00e9chant dessus. Okami est l&rsquo;acronyme japonais de Wolf, n&rsquo;est-ce pas ? <\/p>\n","protected":false},"excerpt":{"rendered":"<p>\u00ab Tactic \u00bb Rashguard \u00e0 coupe audacieuse Motifs loup audacieux Mat\u00e9riaux de qualit\u00e9 sup\u00e9rieure J&rsquo;adore les loups, vraiment !<\/p>\n","protected":false},"featured_media":88259,"comment_status":"open","ping_status":"closed","template":"","meta":{"_editorskit_title_hidden":false,"_editorskit_reading_time":0,"_editorskit_is_block_options_detached":false,"_editorskit_block_options_position":"{}"},"product_brand":[],"product_cat":[212,280],"product_tag":[],"giftcard-category":[],"class_list":{"0":"post-97008","1":"product","2":"type-product","3":"status-publish","4":"has-post-thumbnail","6":"product_cat-lusure-de-combat","7":"product_cat-rashguards-fr","9":"first","10":"outofstock","11":"taxable","12":"shipping-taxable","13":"purchasable","14":"product-type-variable"},"_links":{"self":[{"href":"https:\/\/scramblestuff.com\/eu\/fr\/wp-json\/wp\/v2\/product\/97008","targetHints":{"allow":["GET"]}}],"collection":[{"href":"https:\/\/scramblestuff.com\/eu\/fr\/wp-json\/wp\/v2\/product"}],"about":[{"href":"https:\/\/scramblestuff.com\/eu\/fr\/wp-json\/wp\/v2\/types\/product"}],"replies":[{"embeddable":true,"href":"https:\/\/scramblestuff.com\/eu\/fr\/wp-json\/wp\/v2\/comments?post=97008"}],"wp:featuredmedia":[{"embeddable":true,"href":"https:\/\/scramblestuff.com\/eu\/fr\/wp-json\/wp\/v2\/media\/88259"}],"wp:attachment":[{"href":"https:\/\/scramblestuff.com\/eu\/fr\/wp-json\/wp\/v2\/media?parent=97008"}],"wp:term":[{"taxonomy":"product_brand","embeddable":true,"href":"https:\/\/scramblestuff.com\/eu\/fr\/wp-json\/wp\/v2\/product_brand?post=97008"},{"taxonomy":"product_cat","embeddable":true,"href":"https:\/\/scramblestuff.com\/eu\/fr\/wp-json\/wp\/v2\/product_cat?post=97008"},{"taxonomy":"product_tag","embeddable":true,"href":"https:\/\/scramblestuff.com\/eu\/fr\/wp-json\/wp\/v2\/product_tag?post=97008"},{"taxonomy":"giftcard-category","embeddable":true,"href":"https:\/\/scramblestuff.com\/eu\/fr\/wp-json\/wp\/v2\/giftcard-category?post=97008"}],"curies":[{"name":"wp","href":"https:\/\/api.w.org\/{rel}","templated":true}]}}