{"id":97016,"date":"2024-02-12T09:11:00","date_gmt":"2024-02-12T09:11:00","guid":{"rendered":"https:\/\/scramblestuff.com\/eu\/p\/short-okami\/"},"modified":"2026-02-07T07:15:30","modified_gmt":"2026-02-07T07:15:30","slug":"short-okami","status":"publish","type":"product","link":"https:\/\/scramblestuff.com\/eu\/fr\/p\/short-okami\/","title":{"rendered":"Short Okami"},"content":{"rendered":"<p>Utilisant notre coupe Base tant appr\u00e9ci\u00e9e et am\u00e9lior\u00e9e, ce short de grappling \/ MMA \/ jiujitsu est orn\u00e9 d&rsquo;un m\u00e9chant loup. Okami est l&rsquo;acronyme japonais de Wolf, n&rsquo;est-ce pas ? <\/p>\n","protected":false},"excerpt":{"rendered":"<p>Coup\u00e9 court \u00ab Base \u00bb<br \/>\nGraphismes audacieux repr\u00e9sentant un loup<br \/>\nMat\u00e9riaux de qualit\u00e9 sup\u00e9rieure<br \/>\nJ&rsquo;adore les loups !<\/p>\n","protected":false},"featured_media":88289,"comment_status":"open","ping_status":"closed","template":"","meta":{"_editorskit_title_hidden":false,"_editorskit_reading_time":0,"_editorskit_is_block_options_detached":false,"_editorskit_block_options_position":"{}"},"product_brand":[],"product_cat":[212,308,27,278,184,230],"product_tag":[],"giftcard-category":[],"class_list":{"0":"post-97016","1":"product","2":"type-product","3":"status-publish","4":"has-post-thumbnail","6":"product_cat-lusure-de-combat","7":"product_cat-mma-shorts-fr","8":"product_cat-sale","9":"product_cat-shorts-de-combat","10":"product_cat-tous-les-produits","11":"product_cat-vente","13":"first","14":"outofstock","15":"taxable","16":"shipping-taxable","17":"product-type-variable"},"_links":{"self":[{"href":"https:\/\/scramblestuff.com\/eu\/fr\/wp-json\/wp\/v2\/product\/97016","targetHints":{"allow":["GET"]}}],"collection":[{"href":"https:\/\/scramblestuff.com\/eu\/fr\/wp-json\/wp\/v2\/product"}],"about":[{"href":"https:\/\/scramblestuff.com\/eu\/fr\/wp-json\/wp\/v2\/types\/product"}],"replies":[{"embeddable":true,"href":"https:\/\/scramblestuff.com\/eu\/fr\/wp-json\/wp\/v2\/comments?post=97016"}],"wp:featuredmedia":[{"embeddable":true,"href":"https:\/\/scramblestuff.com\/eu\/fr\/wp-json\/wp\/v2\/media\/88289"}],"wp:attachment":[{"href":"https:\/\/scramblestuff.com\/eu\/fr\/wp-json\/wp\/v2\/media?parent=97016"}],"wp:term":[{"taxonomy":"product_brand","embeddable":true,"href":"https:\/\/scramblestuff.com\/eu\/fr\/wp-json\/wp\/v2\/product_brand?post=97016"},{"taxonomy":"product_cat","embeddable":true,"href":"https:\/\/scramblestuff.com\/eu\/fr\/wp-json\/wp\/v2\/product_cat?post=97016"},{"taxonomy":"product_tag","embeddable":true,"href":"https:\/\/scramblestuff.com\/eu\/fr\/wp-json\/wp\/v2\/product_tag?post=97016"},{"taxonomy":"giftcard-category","embeddable":true,"href":"https:\/\/scramblestuff.com\/eu\/fr\/wp-json\/wp\/v2\/giftcard-category?post=97016"}],"curies":[{"name":"wp","href":"https:\/\/api.w.org\/{rel}","templated":true}]}}