{"id":97053,"date":"2023-12-14T15:04:04","date_gmt":"2023-12-14T15:04:04","guid":{"rendered":"https:\/\/scramblestuff.com\/eu\/p\/base-k-gi-femelle-sable\/"},"modified":"2025-07-29T12:33:27","modified_gmt":"2025-07-29T11:33:27","slug":"base-k-gi-femelle-sable","status":"publish","type":"product","link":"https:\/\/scramblestuff.com\/eu\/fr\/p\/base-k-gi-femelle-sable\/","title":{"rendered":"Base-K Gi femelle sable"},"content":{"rendered":"<p>Le Base-K est le r\u00e9sultat de pr\u00e8s de 12 ann\u00e9es pass\u00e9es dans l&rsquo;industrie du jiujitsu. Un look propre et raffin\u00e9, qui est sous-estim\u00e9 et vous permet de personnaliser votre Gi autant ou aussi peu que vous le souhaitez, selon votre pr\u00e9f\u00e9rence Le logo Scramble, apr\u00e8s plus d&rsquo;une d\u00e9cennie dans le sport, repr\u00e9sente maintenant vraiment quelque chose, c&rsquo;est pourquoi nous avons limit\u00e9 les d\u00e9corations \u00e0 quelques exemples simples du logo lui-m\u00eame<\/p>\n<p>L&rsquo;absence de d\u00e9corations inutiles nous a permis de maintenir un prix moins cher \u00e0 celui de nos autres GIS Flagship, tout en mettant l&rsquo;accent sur la qualit\u00e9. Les mat\u00e9riaux, l&rsquo;ajustement et la finition parlent d&rsquo;eux-m\u00eames.<\/p>\n<p>Le logo SK (Scramble Kimono) est directement brod\u00e9 sur nos pantalons.<\/p>\n","protected":false},"excerpt":{"rendered":"<p>Propre, simple et de haute qualit\u00e9<br \/>\n450gsm top, midweight ripstop pants<\/p>\n","protected":false},"featured_media":80276,"comment_status":"open","ping_status":"closed","template":"","meta":{"_editorskit_title_hidden":false,"_editorskit_reading_time":0,"_editorskit_is_block_options_detached":false,"_editorskit_block_options_position":"{}"},"product_brand":[],"product_cat":[241,237,212,27,184,230],"product_tag":[],"giftcard-category":[],"class_list":{"0":"post-97053","1":"product","2":"type-product","3":"status-publish","4":"has-post-thumbnail","6":"product_cat-aux-femmes-bjj-gi","7":"product_cat-femmes","8":"product_cat-lusure-de-combat","9":"product_cat-sale","10":"product_cat-tous-les-produits","11":"product_cat-vente","13":"first","14":"instock","15":"sale","16":"taxable","17":"shipping-taxable","18":"purchasable","19":"product-type-variable"},"_links":{"self":[{"href":"https:\/\/scramblestuff.com\/eu\/fr\/wp-json\/wp\/v2\/product\/97053","targetHints":{"allow":["GET"]}}],"collection":[{"href":"https:\/\/scramblestuff.com\/eu\/fr\/wp-json\/wp\/v2\/product"}],"about":[{"href":"https:\/\/scramblestuff.com\/eu\/fr\/wp-json\/wp\/v2\/types\/product"}],"replies":[{"embeddable":true,"href":"https:\/\/scramblestuff.com\/eu\/fr\/wp-json\/wp\/v2\/comments?post=97053"}],"wp:featuredmedia":[{"embeddable":true,"href":"https:\/\/scramblestuff.com\/eu\/fr\/wp-json\/wp\/v2\/media\/80276"}],"wp:attachment":[{"href":"https:\/\/scramblestuff.com\/eu\/fr\/wp-json\/wp\/v2\/media?parent=97053"}],"wp:term":[{"taxonomy":"product_brand","embeddable":true,"href":"https:\/\/scramblestuff.com\/eu\/fr\/wp-json\/wp\/v2\/product_brand?post=97053"},{"taxonomy":"product_cat","embeddable":true,"href":"https:\/\/scramblestuff.com\/eu\/fr\/wp-json\/wp\/v2\/product_cat?post=97053"},{"taxonomy":"product_tag","embeddable":true,"href":"https:\/\/scramblestuff.com\/eu\/fr\/wp-json\/wp\/v2\/product_tag?post=97053"},{"taxonomy":"giftcard-category","embeddable":true,"href":"https:\/\/scramblestuff.com\/eu\/fr\/wp-json\/wp\/v2\/giftcard-category?post=97053"}],"curies":[{"name":"wp","href":"https:\/\/api.w.org\/{rel}","templated":true}]}}