{"id":97239,"date":"2023-12-14T13:13:29","date_gmt":"2023-12-14T13:13:29","guid":{"rendered":"https:\/\/scramblestuff.com\/eu\/p\/athlite-gi-kids-6-bleu\/"},"modified":"2025-08-03T20:48:03","modified_gmt":"2025-08-03T19:48:03","slug":"athlite-gi-kids-6-bleu","status":"publish","type":"product","link":"https:\/\/scramblestuff.com\/eu\/fr\/p\/athlite-gi-kids-6-bleu\/","title":{"rendered":"Athlite Gi Kids 6 &#8211; Bleu"},"content":{"rendered":"<p>En raison de la demande populaire, nous avons sorti notre gi Athlite BJJ le plus vendu en taille enfant. Conform\u00e9ment \u00e0 la nomenclature standard non sens\u00e9e adopt\u00e9e par la communaut\u00e9 des arts martiaux, ce gi conviendra aux plus jeunes des enfants d\u00e9butants comme aux plus turbulents des jeunes adolescents (vous savez, ceux qui ont une pouss\u00e9e de croissance et qui \u00e9crasent tous les adultes amateurs). <\/p>\n<p>Elle pr\u00e9sente le m\u00eame niveau de qualit\u00e9 et d&rsquo;attention aux d\u00e9tails que la version adulte de l&rsquo;Athlite, et est actuellement conforme aux normes de l&rsquo;IBJJF.<\/p>\n<p>Haut en tissu perl\u00e9 375 g\/m\u00b2 et pantalon l\u00e9ger en ripstop, suffisamment r\u00e9sistant pour un usage quotidien et suffisamment l\u00e9ger pour la comp\u00e9tition.<\/p>\n","protected":false},"excerpt":{"rendered":"<p>Gi l\u00e9ger pour enfants<\/p>\n<p><strong>Livr\u00e9 avec une ceinture blanche gratuite <\/strong><\/p>\n<p>Taille \u00e9lastique + cordon de serrage<\/p>\n","protected":false},"featured_media":87823,"comment_status":"open","ping_status":"closed","template":"","meta":{"_editorskit_title_hidden":false,"_editorskit_reading_time":0,"_editorskit_is_block_options_detached":false,"_editorskit_block_options_position":"{}"},"product_brand":[],"product_cat":[226,184],"product_tag":[],"giftcard-category":[],"class_list":{"0":"post-97239","1":"product","2":"type-product","3":"status-publish","4":"has-post-thumbnail","6":"product_cat-enfants","7":"product_cat-tous-les-produits","9":"first","10":"outofstock","11":"purchasable","12":"product-type-variable"},"_links":{"self":[{"href":"https:\/\/scramblestuff.com\/eu\/fr\/wp-json\/wp\/v2\/product\/97239","targetHints":{"allow":["GET"]}}],"collection":[{"href":"https:\/\/scramblestuff.com\/eu\/fr\/wp-json\/wp\/v2\/product"}],"about":[{"href":"https:\/\/scramblestuff.com\/eu\/fr\/wp-json\/wp\/v2\/types\/product"}],"replies":[{"embeddable":true,"href":"https:\/\/scramblestuff.com\/eu\/fr\/wp-json\/wp\/v2\/comments?post=97239"}],"wp:featuredmedia":[{"embeddable":true,"href":"https:\/\/scramblestuff.com\/eu\/fr\/wp-json\/wp\/v2\/media\/87823"}],"wp:attachment":[{"href":"https:\/\/scramblestuff.com\/eu\/fr\/wp-json\/wp\/v2\/media?parent=97239"}],"wp:term":[{"taxonomy":"product_brand","embeddable":true,"href":"https:\/\/scramblestuff.com\/eu\/fr\/wp-json\/wp\/v2\/product_brand?post=97239"},{"taxonomy":"product_cat","embeddable":true,"href":"https:\/\/scramblestuff.com\/eu\/fr\/wp-json\/wp\/v2\/product_cat?post=97239"},{"taxonomy":"product_tag","embeddable":true,"href":"https:\/\/scramblestuff.com\/eu\/fr\/wp-json\/wp\/v2\/product_tag?post=97239"},{"taxonomy":"giftcard-category","embeddable":true,"href":"https:\/\/scramblestuff.com\/eu\/fr\/wp-json\/wp\/v2\/giftcard-category?post=97239"}],"curies":[{"name":"wp","href":"https:\/\/api.w.org\/{rel}","templated":true}]}}