{"id":97277,"date":"2023-12-20T14:44:58","date_gmt":"2023-12-20T14:44:58","guid":{"rendered":"https:\/\/scramblestuff.com\/eu\/p\/bonnet-jiujitsu\/"},"modified":"2025-08-30T11:38:44","modified_gmt":"2025-08-30T10:38:44","slug":"bonnet-jiujitsu","status":"publish","type":"product","link":"https:\/\/scramblestuff.com\/eu\/fr\/p\/bonnet-jiujitsu\/","title":{"rendered":"Bonnet Jiujitsu"},"content":{"rendered":"<p>Ce bonnet Scramble est le couvre-chef id\u00e9al pour un fan de jiujitsu ou de Scramble. Fabriqu\u00e9 \u00e0 partir de mat\u00e9riaux de haute qualit\u00e9 avec des d\u00e9tails de finition de premier ordre, ce bonnet est fait pour l&rsquo;hiver ou peut-\u00eatre pour l&rsquo;\u00e9t\u00e9 si vous \u00eates un fou absolu. Jiujitsu ! Et d&rsquo;autres mots-cl\u00e9s pertinents.   <\/p>\n","protected":false},"excerpt":{"rendered":"<p>Jiujitsu Kanji tiss\u00e9 dans le tissu<br \/>\nTaille unique (pour la plupart)<br \/>\nMat\u00e9riaux et finitions de premi\u00e8re qualit\u00e9<\/p>\n<p>22,5 cm de large, 22,5 cm de profondeur.<\/p>\n<p>&nbsp;<\/p>\n","protected":false},"featured_media":92142,"comment_status":"open","ping_status":"closed","template":"","meta":{"_editorskit_title_hidden":false,"_editorskit_reading_time":0,"_editorskit_is_block_options_detached":false,"_editorskit_block_options_position":"{}"},"product_brand":[],"product_cat":[180,196,27,184,230,188],"product_tag":[],"giftcard-category":[],"class_list":{"0":"post-97277","1":"product","2":"type-product","3":"status-publish","4":"has-post-thumbnail","6":"product_cat-accessoires","7":"product_cat-chapeaux","8":"product_cat-sale","9":"product_cat-tous-les-produits","10":"product_cat-vente","11":"product_cat-vetement-de-tous-les-jours","13":"first","14":"outofstock","15":"taxable","16":"shipping-taxable","17":"purchasable","18":"product-type-variable"},"_links":{"self":[{"href":"https:\/\/scramblestuff.com\/eu\/fr\/wp-json\/wp\/v2\/product\/97277","targetHints":{"allow":["GET"]}}],"collection":[{"href":"https:\/\/scramblestuff.com\/eu\/fr\/wp-json\/wp\/v2\/product"}],"about":[{"href":"https:\/\/scramblestuff.com\/eu\/fr\/wp-json\/wp\/v2\/types\/product"}],"replies":[{"embeddable":true,"href":"https:\/\/scramblestuff.com\/eu\/fr\/wp-json\/wp\/v2\/comments?post=97277"}],"wp:featuredmedia":[{"embeddable":true,"href":"https:\/\/scramblestuff.com\/eu\/fr\/wp-json\/wp\/v2\/media\/92142"}],"wp:attachment":[{"href":"https:\/\/scramblestuff.com\/eu\/fr\/wp-json\/wp\/v2\/media?parent=97277"}],"wp:term":[{"taxonomy":"product_brand","embeddable":true,"href":"https:\/\/scramblestuff.com\/eu\/fr\/wp-json\/wp\/v2\/product_brand?post=97277"},{"taxonomy":"product_cat","embeddable":true,"href":"https:\/\/scramblestuff.com\/eu\/fr\/wp-json\/wp\/v2\/product_cat?post=97277"},{"taxonomy":"product_tag","embeddable":true,"href":"https:\/\/scramblestuff.com\/eu\/fr\/wp-json\/wp\/v2\/product_tag?post=97277"},{"taxonomy":"giftcard-category","embeddable":true,"href":"https:\/\/scramblestuff.com\/eu\/fr\/wp-json\/wp\/v2\/giftcard-category?post=97277"}],"curies":[{"name":"wp","href":"https:\/\/api.w.org\/{rel}","templated":true}]}}