{"id":97362,"date":"2025-05-27T13:32:22","date_gmt":"2025-05-27T12:32:22","guid":{"rendered":"https:\/\/scramblestuff.com\/eu\/p\/short-burning-tiger-enfants\/"},"modified":"2025-08-06T14:17:55","modified_gmt":"2025-08-06T13:17:55","slug":"short-burning-tiger-enfants","status":"publish","type":"product","link":"https:\/\/scramblestuff.com\/eu\/fr\/p\/short-burning-tiger-enfants\/","title":{"rendered":"Short Burning Tiger &#8211; Enfants"},"content":{"rendered":"<p>Version pour enfants de l&rsquo;un de nos sets NO-GI les plus vendus !<\/p>\n<p>Ce short est con\u00e7u pour le grappling, le no-gi, l&rsquo;entra\u00eenement MMA et toute activit\u00e9 athl\u00e9tique. Ils offrent un ajustement serr\u00e9 et s\u00fbr gr\u00e2ce \u00e0 une ceinture \u00e9lastique et s&rsquo;associent parfaitement avec des sous-couches ajust\u00e9es. <\/p>\n<p>Mais l&rsquo;essentiel, c&rsquo;est que les TIGRES qui br\u00fblent ont l&rsquo;air TR\u00c8S cool !<\/p>\n","protected":false},"excerpt":{"rendered":"<p>Fait partie de l&rsquo;ensemble no-gi BURNING TIGER<\/p>\n<p>Les tigres sont cool, et les flammes aussi<\/p>\n<p>Ce short = pas de probl\u00e8me<\/p>\n","protected":false},"featured_media":95463,"comment_status":"open","ping_status":"closed","template":"","meta":{"_editorskit_title_hidden":false,"_editorskit_reading_time":0,"_editorskit_is_block_options_detached":false,"_editorskit_block_options_position":"{}"},"product_brand":[600],"product_cat":[226,184],"product_tag":[],"giftcard-category":[],"class_list":{"0":"post-97362","1":"product","2":"type-product","3":"status-publish","4":"has-post-thumbnail","6":"product_brand-scramble","7":"product_cat-enfants","8":"product_cat-tous-les-produits","10":"first","11":"instock","12":"taxable","13":"shipping-taxable","14":"purchasable","15":"product-type-variable"},"_links":{"self":[{"href":"https:\/\/scramblestuff.com\/eu\/fr\/wp-json\/wp\/v2\/product\/97362","targetHints":{"allow":["GET"]}}],"collection":[{"href":"https:\/\/scramblestuff.com\/eu\/fr\/wp-json\/wp\/v2\/product"}],"about":[{"href":"https:\/\/scramblestuff.com\/eu\/fr\/wp-json\/wp\/v2\/types\/product"}],"replies":[{"embeddable":true,"href":"https:\/\/scramblestuff.com\/eu\/fr\/wp-json\/wp\/v2\/comments?post=97362"}],"wp:featuredmedia":[{"embeddable":true,"href":"https:\/\/scramblestuff.com\/eu\/fr\/wp-json\/wp\/v2\/media\/95463"}],"wp:attachment":[{"href":"https:\/\/scramblestuff.com\/eu\/fr\/wp-json\/wp\/v2\/media?parent=97362"}],"wp:term":[{"taxonomy":"product_brand","embeddable":true,"href":"https:\/\/scramblestuff.com\/eu\/fr\/wp-json\/wp\/v2\/product_brand?post=97362"},{"taxonomy":"product_cat","embeddable":true,"href":"https:\/\/scramblestuff.com\/eu\/fr\/wp-json\/wp\/v2\/product_cat?post=97362"},{"taxonomy":"product_tag","embeddable":true,"href":"https:\/\/scramblestuff.com\/eu\/fr\/wp-json\/wp\/v2\/product_tag?post=97362"},{"taxonomy":"giftcard-category","embeddable":true,"href":"https:\/\/scramblestuff.com\/eu\/fr\/wp-json\/wp\/v2\/giftcard-category?post=97362"}],"curies":[{"name":"wp","href":"https:\/\/api.w.org\/{rel}","templated":true}]}}