{"id":97367,"date":"2025-07-23T16:02:57","date_gmt":"2025-07-23T15:02:57","guid":{"rendered":"https:\/\/scramblestuff.com\/eu\/p\/t-shirt-scramble-never-die-blanc\/"},"modified":"2026-02-09T14:26:00","modified_gmt":"2026-02-09T14:26:00","slug":"t-shirt-scramble-never-die-blanc","status":"publish","type":"product","link":"https:\/\/scramblestuff.com\/eu\/fr\/p\/t-shirt-scramble-never-die-blanc\/","title":{"rendered":"T-shirt Scramble Never Die &#8211; Blanc"},"content":{"rendered":"<p>La collection de tee-shirts de l&rsquo;\u00e9t\u00e9 2025 de Scramble est une collection de tee-shirts graphiques aux motifs et imprim\u00e9s simples et audacieux.<\/p>\n<p>Les tees Scramble Never Die s&rsquo;inspirent de la plus grande organisation de MMA qui ait jamais exist\u00e9, Pride Fighting Championships. \u00ab\u00a0Pride Never Die\u00a0\u00bb \u00e9tait un refrain invent\u00e9 par l&rsquo;organisation, ironiquement peu de temps avant qu&rsquo;elle ne disparaisse. Cependant, Pride Never Die est devenue une expression associ\u00e9e \u00e0 un esprit combatif n\u00e9 dans les jours de gloire du MMA et est maintenant associ\u00e9e \u00e0 des sentiments chaleureux \u00e0 propos de certains des plus grands spectacles de combat de tous les temps. D&rsquo;o\u00f9 l&rsquo;expression Scramble Never Die.   <\/p>\n<p>Les ensembles Vale Tudo sont des tee-shirts inspir\u00e9s de la typographie streetwear, \u00e0 manches longues ou courtes, toujours dans une coupe plus lourde et surdimensionn\u00e9e.<\/p>\n","protected":false},"excerpt":{"rendered":"<p>Inspir\u00e9 par la plus grande organisation de MMA au monde<\/p>\n<p>Premium, coupe oversize<\/p>\n<p>Mat\u00e9riaux et imprim\u00e9s de qualit\u00e9 sup\u00e9rieure<\/p>\n","protected":false},"featured_media":96945,"comment_status":"open","ping_status":"closed","template":"","meta":{"_editorskit_title_hidden":false,"_editorskit_reading_time":0,"_editorskit_is_block_options_detached":false,"_editorskit_block_options_position":"{}"},"product_brand":[],"product_cat":[27,208,184,230,188],"product_tag":[],"giftcard-category":[],"class_list":{"0":"post-97367","1":"product","2":"type-product","3":"status-publish","4":"has-post-thumbnail","6":"product_cat-sale","7":"product_cat-t-shirts-fr","8":"product_cat-tous-les-produits","9":"product_cat-vente","10":"product_cat-vetement-de-tous-les-jours","12":"first","13":"instock","14":"sale","15":"taxable","16":"shipping-taxable","17":"purchasable","18":"product-type-variable"},"_links":{"self":[{"href":"https:\/\/scramblestuff.com\/eu\/fr\/wp-json\/wp\/v2\/product\/97367","targetHints":{"allow":["GET"]}}],"collection":[{"href":"https:\/\/scramblestuff.com\/eu\/fr\/wp-json\/wp\/v2\/product"}],"about":[{"href":"https:\/\/scramblestuff.com\/eu\/fr\/wp-json\/wp\/v2\/types\/product"}],"replies":[{"embeddable":true,"href":"https:\/\/scramblestuff.com\/eu\/fr\/wp-json\/wp\/v2\/comments?post=97367"}],"wp:featuredmedia":[{"embeddable":true,"href":"https:\/\/scramblestuff.com\/eu\/fr\/wp-json\/wp\/v2\/media\/96945"}],"wp:attachment":[{"href":"https:\/\/scramblestuff.com\/eu\/fr\/wp-json\/wp\/v2\/media?parent=97367"}],"wp:term":[{"taxonomy":"product_brand","embeddable":true,"href":"https:\/\/scramblestuff.com\/eu\/fr\/wp-json\/wp\/v2\/product_brand?post=97367"},{"taxonomy":"product_cat","embeddable":true,"href":"https:\/\/scramblestuff.com\/eu\/fr\/wp-json\/wp\/v2\/product_cat?post=97367"},{"taxonomy":"product_tag","embeddable":true,"href":"https:\/\/scramblestuff.com\/eu\/fr\/wp-json\/wp\/v2\/product_tag?post=97367"},{"taxonomy":"giftcard-category","embeddable":true,"href":"https:\/\/scramblestuff.com\/eu\/fr\/wp-json\/wp\/v2\/giftcard-category?post=97367"}],"curies":[{"name":"wp","href":"https:\/\/api.w.org\/{rel}","templated":true}]}}