{"id":97417,"date":"2025-05-27T13:32:22","date_gmt":"2025-05-27T12:32:22","guid":{"rendered":"https:\/\/scramblestuff.com\/eu\/p\/gilet-de-protection-burning-tiger-enfants\/"},"modified":"2025-08-06T14:18:32","modified_gmt":"2025-08-06T13:18:32","slug":"gilet-de-protection-burning-tiger-enfants","status":"publish","type":"product","link":"https:\/\/scramblestuff.com\/eu\/fr\/p\/gilet-de-protection-burning-tiger-enfants\/","title":{"rendered":"Gilet de protection Burning Tiger &#8211; Enfants"},"content":{"rendered":"<p>Le rashguard est confortable et permet une grande libert\u00e9 de mouvement. Un petit secret &#8211; il en va de m\u00eame pour toutes les autres mati\u00e8res extensibles, mais c&rsquo;est justement ce que font les marques &#8211; elles inventent des choses qui ont l&rsquo;air cool. Une amplitude de mouvement totale ! C&rsquo;est g\u00e9nial. Comme si vous ne pouviez pas avoir une amplitude de mouvement compl\u00e8te en portant un t-shirt ou autre.    <\/p>\n<p>Mais le plus important, c&rsquo;est que les TIGRES qui br\u00fblent ont l&rsquo;air COOL&#8230; TRES !<\/p>\n","protected":false},"excerpt":{"rendered":"<p>Les tigres sont cool, tout comme les flammes<\/p>\n<p>Ce rashguard<\/p>\n<p>est donc de premi\u00e8re qualit\u00e9.<\/p>\n","protected":false},"featured_media":95443,"comment_status":"open","ping_status":"closed","template":"","meta":{"_editorskit_title_hidden":false,"_editorskit_reading_time":0,"_editorskit_is_block_options_detached":false,"_editorskit_block_options_position":"{}"},"product_brand":[600],"product_cat":[226,184],"product_tag":[],"giftcard-category":[],"class_list":{"0":"post-97417","1":"product","2":"type-product","3":"status-publish","4":"has-post-thumbnail","6":"product_brand-scramble","7":"product_cat-enfants","8":"product_cat-tous-les-produits","10":"first","11":"instock","12":"taxable","13":"shipping-taxable","14":"purchasable","15":"product-type-variable"},"_links":{"self":[{"href":"https:\/\/scramblestuff.com\/eu\/fr\/wp-json\/wp\/v2\/product\/97417","targetHints":{"allow":["GET"]}}],"collection":[{"href":"https:\/\/scramblestuff.com\/eu\/fr\/wp-json\/wp\/v2\/product"}],"about":[{"href":"https:\/\/scramblestuff.com\/eu\/fr\/wp-json\/wp\/v2\/types\/product"}],"replies":[{"embeddable":true,"href":"https:\/\/scramblestuff.com\/eu\/fr\/wp-json\/wp\/v2\/comments?post=97417"}],"wp:featuredmedia":[{"embeddable":true,"href":"https:\/\/scramblestuff.com\/eu\/fr\/wp-json\/wp\/v2\/media\/95443"}],"wp:attachment":[{"href":"https:\/\/scramblestuff.com\/eu\/fr\/wp-json\/wp\/v2\/media?parent=97417"}],"wp:term":[{"taxonomy":"product_brand","embeddable":true,"href":"https:\/\/scramblestuff.com\/eu\/fr\/wp-json\/wp\/v2\/product_brand?post=97417"},{"taxonomy":"product_cat","embeddable":true,"href":"https:\/\/scramblestuff.com\/eu\/fr\/wp-json\/wp\/v2\/product_cat?post=97417"},{"taxonomy":"product_tag","embeddable":true,"href":"https:\/\/scramblestuff.com\/eu\/fr\/wp-json\/wp\/v2\/product_tag?post=97417"},{"taxonomy":"giftcard-category","embeddable":true,"href":"https:\/\/scramblestuff.com\/eu\/fr\/wp-json\/wp\/v2\/giftcard-category?post=97417"}],"curies":[{"name":"wp","href":"https:\/\/api.w.org\/{rel}","templated":true}]}}