{"id":97428,"date":"2025-04-17T09:48:01","date_gmt":"2025-04-17T08:48:01","guid":{"rendered":"https:\/\/scramblestuff.com\/eu\/p\/fate-tanto-rashguard-manches-longues\/"},"modified":"2026-01-29T10:13:09","modified_gmt":"2026-01-29T10:13:09","slug":"fate-tanto-rashguard-manches-longues","status":"publish","type":"product","link":"https:\/\/scramblestuff.com\/eu\/fr\/p\/fate-tanto-rashguard-manches-longues\/","title":{"rendered":"Fate Tanto Rashguard &#8211; Manches longues"},"content":{"rendered":"<div>\n<p>Les rashguards Tanto sont con\u00e7us pour le grappling. Disponibles en version manches courtes et manches longues, ils sont fabriqu\u00e9s \u00e0 partir d&rsquo;un m\u00e9lange de poly-\u00e9lasthanne lisse qui offre \u00e0 la fois extensibilit\u00e9, compression et respirabilit\u00e9. Les coutures plates \u00e9vitent les irritations et r\u00e9sistent au temps, que vous vous entra\u00eeniez tous les jours ou que vous participiez r\u00e9guli\u00e8rement \u00e0 des comp\u00e9titions.  <\/p>\n<\/div>\n<div>Les graphiques sont enti\u00e8rement sublim\u00e9s dans le tissu &#8211; pas de craquelures, de d\u00e9collement ou de d\u00e9coloration au fil du temps. La coupe est athl\u00e9tique sans \u00eatre restrictive, elle reste pr\u00e8s du corps pour \u00e9viter toute prise ou d\u00e9placement inutile pendant les roulades. <\/div>\n<div>La gamme Fate ram\u00e8ne tout \u00e0 l&rsquo;essentiel : des mat\u00e9riaux de qualit\u00e9, une construction fiable et un prix juste. La simplicit\u00e9, c&rsquo;est la force. <\/div>\n","protected":false},"excerpt":{"rendered":"<p>Fait partie de la gamme Fate<\/p>\n<p>Coutures plates durables sur tout le corps<\/p>\n<p>Coupe athl\u00e9tique ajust\u00e9e<\/p>\n<p>Graphiques sublim\u00e9s qui ne s&rsquo;\u00e9caillent pas et ne se fissurent pas<\/p>\n","protected":false},"featured_media":94166,"comment_status":"open","ping_status":"closed","template":"","meta":{"_editorskit_title_hidden":false,"_editorskit_reading_time":0,"_editorskit_is_block_options_detached":false,"_editorskit_block_options_position":"{}"},"product_brand":[],"product_cat":[212,280,184],"product_tag":[632],"giftcard-category":[],"class_list":{"0":"post-97428","1":"product","2":"type-product","3":"status-publish","4":"has-post-thumbnail","6":"product_cat-lusure-de-combat","7":"product_cat-rashguards-fr","8":"product_cat-tous-les-produits","9":"product_tag-fate-fr","11":"first","12":"instock","13":"taxable","14":"shipping-taxable","15":"purchasable","16":"product-type-variable"},"_links":{"self":[{"href":"https:\/\/scramblestuff.com\/eu\/fr\/wp-json\/wp\/v2\/product\/97428","targetHints":{"allow":["GET"]}}],"collection":[{"href":"https:\/\/scramblestuff.com\/eu\/fr\/wp-json\/wp\/v2\/product"}],"about":[{"href":"https:\/\/scramblestuff.com\/eu\/fr\/wp-json\/wp\/v2\/types\/product"}],"replies":[{"embeddable":true,"href":"https:\/\/scramblestuff.com\/eu\/fr\/wp-json\/wp\/v2\/comments?post=97428"}],"wp:featuredmedia":[{"embeddable":true,"href":"https:\/\/scramblestuff.com\/eu\/fr\/wp-json\/wp\/v2\/media\/94166"}],"wp:attachment":[{"href":"https:\/\/scramblestuff.com\/eu\/fr\/wp-json\/wp\/v2\/media?parent=97428"}],"wp:term":[{"taxonomy":"product_brand","embeddable":true,"href":"https:\/\/scramblestuff.com\/eu\/fr\/wp-json\/wp\/v2\/product_brand?post=97428"},{"taxonomy":"product_cat","embeddable":true,"href":"https:\/\/scramblestuff.com\/eu\/fr\/wp-json\/wp\/v2\/product_cat?post=97428"},{"taxonomy":"product_tag","embeddable":true,"href":"https:\/\/scramblestuff.com\/eu\/fr\/wp-json\/wp\/v2\/product_tag?post=97428"},{"taxonomy":"giftcard-category","embeddable":true,"href":"https:\/\/scramblestuff.com\/eu\/fr\/wp-json\/wp\/v2\/giftcard-category?post=97428"}],"curies":[{"name":"wp","href":"https:\/\/api.w.org\/{rel}","templated":true}]}}