{"id":97450,"date":"2025-05-28T12:08:26","date_gmt":"2025-05-28T11:08:26","guid":{"rendered":"https:\/\/scramblestuff.com\/eu\/p\/sukajan-spats\/"},"modified":"2025-08-06T14:18:45","modified_gmt":"2025-08-06T13:18:45","slug":"sukajan-spats","status":"publish","type":"product","link":"https:\/\/scramblestuff.com\/eu\/fr\/p\/sukajan-spats\/","title":{"rendered":"Sukajan Spats"},"content":{"rendered":"<p>Ce set de grappling nogi vif, audacieux et color\u00e9 est r\u00e9alis\u00e9 par le talentueux Kieran Hoohar, tatoueur et passionn\u00e9 de jiujitsu \u00e0 Londres. Les dessins sont des illustrations de tigres, de serpents, de jaguars et d&rsquo;aigles, tous r\u00e9alis\u00e9s dans le style caract\u00e9ristique de Kieran. Les rashguards sont disponibles en version manches longues et manches courtes (les manches longues sont une exclusivit\u00e9 pour les \u00c9tats-Unis). Nous proposons \u00e9galement des shorts de grappling et des spats longs (les spats de grappling sont une exclusivit\u00e9 pour les \u00c9tats-Unis).  <\/p>\n<p>Fabriqu\u00e9s avec des m\u00e9langes de tissus de premi\u00e8re qualit\u00e9, avec la plus grande attention aux d\u00e9tails et au contr\u00f4le de qualit\u00e9, et avec la coupe et le toucher qui nous caract\u00e9risent.<\/p>\n","protected":false},"excerpt":{"rendered":"<p>Collaboration exclusive avec Kieran Hoohar (Tattoo)<\/p>\n<p>Impression sublim\u00e9e audacieuse et color\u00e9e<\/p>\n<p>Collaboration en \u00e9dition limit\u00e9e<\/p>\n","protected":false},"featured_media":95658,"comment_status":"open","ping_status":"closed","template":"","meta":{"_editorskit_title_hidden":false,"_editorskit_reading_time":0,"_editorskit_is_block_options_detached":false,"_editorskit_block_options_position":"{}"},"product_brand":[],"product_cat":[212,292,184,230],"product_tag":[1114],"giftcard-category":[],"class_list":{"0":"post-97450","1":"product","2":"type-product","3":"status-publish","4":"has-post-thumbnail","6":"product_cat-lusure-de-combat","7":"product_cat-spats-collants","8":"product_cat-tous-les-produits","9":"product_cat-vente","10":"product_tag-sukajan-fr","12":"first","13":"instock","14":"sale","15":"taxable","16":"shipping-taxable","17":"purchasable","18":"product-type-variable"},"_links":{"self":[{"href":"https:\/\/scramblestuff.com\/eu\/fr\/wp-json\/wp\/v2\/product\/97450","targetHints":{"allow":["GET"]}}],"collection":[{"href":"https:\/\/scramblestuff.com\/eu\/fr\/wp-json\/wp\/v2\/product"}],"about":[{"href":"https:\/\/scramblestuff.com\/eu\/fr\/wp-json\/wp\/v2\/types\/product"}],"replies":[{"embeddable":true,"href":"https:\/\/scramblestuff.com\/eu\/fr\/wp-json\/wp\/v2\/comments?post=97450"}],"wp:featuredmedia":[{"embeddable":true,"href":"https:\/\/scramblestuff.com\/eu\/fr\/wp-json\/wp\/v2\/media\/95658"}],"wp:attachment":[{"href":"https:\/\/scramblestuff.com\/eu\/fr\/wp-json\/wp\/v2\/media?parent=97450"}],"wp:term":[{"taxonomy":"product_brand","embeddable":true,"href":"https:\/\/scramblestuff.com\/eu\/fr\/wp-json\/wp\/v2\/product_brand?post=97450"},{"taxonomy":"product_cat","embeddable":true,"href":"https:\/\/scramblestuff.com\/eu\/fr\/wp-json\/wp\/v2\/product_cat?post=97450"},{"taxonomy":"product_tag","embeddable":true,"href":"https:\/\/scramblestuff.com\/eu\/fr\/wp-json\/wp\/v2\/product_tag?post=97450"},{"taxonomy":"giftcard-category","embeddable":true,"href":"https:\/\/scramblestuff.com\/eu\/fr\/wp-json\/wp\/v2\/giftcard-category?post=97450"}],"curies":[{"name":"wp","href":"https:\/\/api.w.org\/{rel}","templated":true}]}}