{"id":97587,"date":"2025-05-22T12:56:43","date_gmt":"2025-05-22T11:56:43","guid":{"rendered":"https:\/\/scramblestuff.com\/eu\/p\/dojo-gi-blanc\/"},"modified":"2026-02-02T12:07:08","modified_gmt":"2026-02-02T12:07:08","slug":"dojo-gi-blanc","status":"publish","type":"product","link":"https:\/\/scramblestuff.com\/eu\/fr\/p\/dojo-gi-blanc\/","title":{"rendered":"Dojo Gi &#8211; Blanc"},"content":{"rendered":"<p>Le Dojo Gi est le kimono d&rsquo;acad\u00e9mie de BJJ l\u00e9ger et personnalisable de Scramble. Il s&rsquo;agit du premier mod\u00e8le et, pour des raisons de gestion des stocks, nous l&rsquo;\u00e9liminons pour faire place \u00e0 une version actualis\u00e9e. C&rsquo;est donc une excellente occasion d&rsquo;obtenir un gi de BJJ l\u00e9ger et abordable comme deuxi\u00e8me ou troisi\u00e8me gi dans votre rotation, ou pour les jours de comp\u00e9tition, etc.  <\/p>\n<p>Le haut est en tissu perl\u00e9 350gsm et le pantalon est en ripstop l\u00e9ger.<\/p>\n","protected":false},"excerpt":{"rendered":"<p>Lightweight Academy Gi<\/p>\n<p>Beaucoup d&rsquo;espace pour la personnalisation<\/p>\n<p>Stock en d\u00e9stockage<\/p>\n","protected":false},"featured_media":95243,"comment_status":"open","ping_status":"closed","template":"","meta":{"_editorskit_title_hidden":false,"_editorskit_reading_time":0,"_editorskit_is_block_options_detached":false,"_editorskit_block_options_position":"{}"},"product_brand":[],"product_cat":[303,212,184],"product_tag":[],"giftcard-category":[],"class_list":{"0":"post-97587","1":"product","2":"type-product","3":"status-publish","4":"has-post-thumbnail","6":"product_cat-bjj-gi","7":"product_cat-lusure-de-combat","8":"product_cat-tous-les-produits","10":"first","11":"instock","12":"taxable","13":"shipping-taxable","14":"purchasable","15":"product-type-variable"},"_links":{"self":[{"href":"https:\/\/scramblestuff.com\/eu\/fr\/wp-json\/wp\/v2\/product\/97587","targetHints":{"allow":["GET"]}}],"collection":[{"href":"https:\/\/scramblestuff.com\/eu\/fr\/wp-json\/wp\/v2\/product"}],"about":[{"href":"https:\/\/scramblestuff.com\/eu\/fr\/wp-json\/wp\/v2\/types\/product"}],"replies":[{"embeddable":true,"href":"https:\/\/scramblestuff.com\/eu\/fr\/wp-json\/wp\/v2\/comments?post=97587"}],"wp:featuredmedia":[{"embeddable":true,"href":"https:\/\/scramblestuff.com\/eu\/fr\/wp-json\/wp\/v2\/media\/95243"}],"wp:attachment":[{"href":"https:\/\/scramblestuff.com\/eu\/fr\/wp-json\/wp\/v2\/media?parent=97587"}],"wp:term":[{"taxonomy":"product_brand","embeddable":true,"href":"https:\/\/scramblestuff.com\/eu\/fr\/wp-json\/wp\/v2\/product_brand?post=97587"},{"taxonomy":"product_cat","embeddable":true,"href":"https:\/\/scramblestuff.com\/eu\/fr\/wp-json\/wp\/v2\/product_cat?post=97587"},{"taxonomy":"product_tag","embeddable":true,"href":"https:\/\/scramblestuff.com\/eu\/fr\/wp-json\/wp\/v2\/product_tag?post=97587"},{"taxonomy":"giftcard-category","embeddable":true,"href":"https:\/\/scramblestuff.com\/eu\/fr\/wp-json\/wp\/v2\/giftcard-category?post=97587"}],"curies":[{"name":"wp","href":"https:\/\/api.w.org\/{rel}","templated":true}]}}