{"id":97594,"date":"2025-05-21T12:18:33","date_gmt":"2025-05-21T11:18:33","guid":{"rendered":"https:\/\/scramblestuff.com\/eu\/p\/leglock-camp-rashguard\/"},"modified":"2025-08-06T14:25:00","modified_gmt":"2025-08-06T13:25:00","slug":"leglock-camp-rashguard","status":"publish","type":"product","link":"https:\/\/scramblestuff.com\/eu\/fr\/p\/leglock-camp-rashguard\/","title":{"rendered":"Leglock Camp Rashguard"},"content":{"rendered":"<p>La toute premi\u00e8re collaboration Scramble x Leglock Camp est arriv\u00e9e ! Cet ensemble se compose d&rsquo;un rashguard \u00e0 manches courtes et d&rsquo;un short de grappling nogi, avec des couleurs noir et or. Si vous n&rsquo;avez jamais achet\u00e9 de Scramble auparavant, vous remarquerez imm\u00e9diatement la qualit\u00e9 de nos v\u00eatements et \u00e9quipements de jiujitsu. Avec des m\u00e9langes de mat\u00e9riaux de premi\u00e8re qualit\u00e9 qui r\u00e9sistent au boulochage et \u00e0 la d\u00e9formation, le rashguard et le short seront r\u00e9sistants et durables, tout en restant flexibles et en permettant une grande aisance de mouvement.   <\/p>\n<p>Le Leglock Camp est un camp d&rsquo;entra\u00eenement organis\u00e9 par Kamil Wilk et Mateusz Szczecinski, initialement en Pologne, mais qui est rapidement devenu un ph\u00e9nom\u00e8ne mondial, avec des camps organis\u00e9s presque chaque mois dans une nouvelle ville \u00e0 travers le monde. \u00c0 chaque camp, des centaines de grapplers se pressent sur les tapis pour apprendre les secrets du leglock aupr\u00e8s des champions et s&rsquo;entra\u00eener avec eux. <\/p>\n","protected":false},"excerpt":{"rendered":"<p>Premi\u00e8re collaboration officielle avec Leglock Camp<\/p>\n<p>\u00c9dition tr\u00e8s limit\u00e9e<\/p>\n<p>Mat\u00e9riaux et construction de premi\u00e8re qualit\u00e9<\/p>\n","protected":false},"featured_media":95150,"comment_status":"open","ping_status":"closed","template":"","meta":{"_editorskit_title_hidden":false,"_editorskit_reading_time":0,"_editorskit_is_block_options_detached":false,"_editorskit_block_options_position":"{}"},"product_brand":[600],"product_cat":[212,1117,280,184,230],"product_tag":[],"giftcard-category":[],"class_list":{"0":"post-97594","1":"product","2":"type-product","3":"status-publish","4":"has-post-thumbnail","6":"product_brand-scramble","7":"product_cat-lusure-de-combat","8":"product_cat-no-gi-fr","9":"product_cat-rashguards-fr","10":"product_cat-tous-les-produits","11":"product_cat-vente","13":"first","14":"instock","15":"taxable","16":"shipping-taxable","17":"purchasable","18":"product-type-variable"},"_links":{"self":[{"href":"https:\/\/scramblestuff.com\/eu\/fr\/wp-json\/wp\/v2\/product\/97594","targetHints":{"allow":["GET"]}}],"collection":[{"href":"https:\/\/scramblestuff.com\/eu\/fr\/wp-json\/wp\/v2\/product"}],"about":[{"href":"https:\/\/scramblestuff.com\/eu\/fr\/wp-json\/wp\/v2\/types\/product"}],"replies":[{"embeddable":true,"href":"https:\/\/scramblestuff.com\/eu\/fr\/wp-json\/wp\/v2\/comments?post=97594"}],"wp:featuredmedia":[{"embeddable":true,"href":"https:\/\/scramblestuff.com\/eu\/fr\/wp-json\/wp\/v2\/media\/95150"}],"wp:attachment":[{"href":"https:\/\/scramblestuff.com\/eu\/fr\/wp-json\/wp\/v2\/media?parent=97594"}],"wp:term":[{"taxonomy":"product_brand","embeddable":true,"href":"https:\/\/scramblestuff.com\/eu\/fr\/wp-json\/wp\/v2\/product_brand?post=97594"},{"taxonomy":"product_cat","embeddable":true,"href":"https:\/\/scramblestuff.com\/eu\/fr\/wp-json\/wp\/v2\/product_cat?post=97594"},{"taxonomy":"product_tag","embeddable":true,"href":"https:\/\/scramblestuff.com\/eu\/fr\/wp-json\/wp\/v2\/product_tag?post=97594"},{"taxonomy":"giftcard-category","embeddable":true,"href":"https:\/\/scramblestuff.com\/eu\/fr\/wp-json\/wp\/v2\/giftcard-category?post=97594"}],"curies":[{"name":"wp","href":"https:\/\/api.w.org\/{rel}","templated":true}]}}